{"id":839,"date":"2026-03-20T13:17:40","date_gmt":"2026-03-20T13:17:40","guid":{"rendered":"https:\/\/www.lahetysyhdistysseimi.fi\/?page_id=839"},"modified":"2026-03-23T09:16:02","modified_gmt":"2026-03-23T09:16:02","slug":"ylistysmusiikki","status":"publish","type":"page","link":"https:\/\/www.lahetysyhdistysseimi.fi\/index.php\/ylistysmusiikki\/","title":{"rendered":"YLISTYS JA RUKOUS"},"content":{"rendered":"\n<figure class=\"wp-block-gallery has-nested-images columns-default is-cropped wp-block-gallery-1 is-layout-flex wp-block-gallery-is-layout-flex\">\n<figure class=\"wp-block-image size-large\"><img loading=\"lazy\" decoding=\"async\" width=\"748\" height=\"745\" data-id=\"879\" src=\"https:\/\/www.lahetysyhdistysseimi.fi\/wp-content\/uploads\/2026\/03\/image-5.png\" alt=\"\" class=\"wp-image-879\" srcset=\"https:\/\/www.lahetysyhdistysseimi.fi\/wp-content\/uploads\/2026\/03\/image-5.png 748w, https:\/\/www.lahetysyhdistysseimi.fi\/wp-content\/uploads\/2026\/03\/image-5-300x300.png 300w, https:\/\/www.lahetysyhdistysseimi.fi\/wp-content\/uploads\/2026\/03\/image-5-150x150.png 150w\" sizes=\"auto, (max-width: 748px) 100vw, 748px\" \/><\/figure>\n\n\n\n<figure class=\"wp-block-image size-large\"><img loading=\"lazy\" decoding=\"async\" width=\"481\" height=\"427\" data-id=\"859\" src=\"https:\/\/www.lahetysyhdistysseimi.fi\/wp-content\/uploads\/2026\/03\/image-3.png\" alt=\"\" class=\"wp-image-859\" srcset=\"https:\/\/www.lahetysyhdistysseimi.fi\/wp-content\/uploads\/2026\/03\/image-3.png 481w, https:\/\/www.lahetysyhdistysseimi.fi\/wp-content\/uploads\/2026\/03\/image-3-300x266.png 300w\" sizes=\"auto, (max-width: 481px) 100vw, 481px\" \/><\/figure>\n<\/figure>\n\n\n\n<p><strong>Profeetallinen rukous ja ylistys<\/strong><\/p>\n\n\n\n<p>Jaana ja Vesa ovat Jumalan k\u00e4yt\u00f6ss\u00e4 palvellen lahjoillaan, musiikilla ja profeetallisuudella. Jumala on avannut Yrttiahoille yhteisen palveluty\u00f6n Suomessa ja avautumassa on my\u00f6s l\u00e4hetysmatkoja ulkomaille. Yrttiahojen halu on olla enenev\u00e4ss\u00e4 m\u00e4\u00e4rin mukana palvelemassa Jumalanvaltakunnan ty\u00f6ss\u00e4.<\/p>\n\n\n\n<p>Jaana on musiikin ammattilainen, jolle Jumala avasi ylistysmusiikin vuonna 1995. Siit\u00e4 l\u00e4htien h\u00e4n on palvellut seurakunnissa ymp\u00e4ri Suomen. Jaana on tehnyt on my\u00f6s omaa ylistysmusiikkia ja julkaissut yhden albumin ja h\u00e4n on laulanut my\u00f6s monen muun hengellisen lauluntekij\u00e4n levyill\u00e4. Jaanan youtube kanava l\u00f6ytyy <a href=\"https:\/\/www.youtube.com\/results?search_query=jaana+yrttiaho\">t\u00e4\u00e4lt\u00e4<\/a>.<\/p>\n\n\n\n<figure class=\"wp-block-embed is-type-video is-provider-youtube wp-block-embed-youtube wp-embed-aspect-4-3 wp-has-aspect-ratio\"><div class=\"wp-block-embed__wrapper\">\n<iframe loading=\"lazy\" title=\"09 Pyha\u0308 Jumala\" width=\"604\" height=\"453\" src=\"https:\/\/www.youtube.com\/embed\/2sa1IyM18xU?feature=oembed\" frameborder=\"0\" allow=\"accelerometer; autoplay; clipboard-write; encrypted-media; gyroscope; picture-in-picture; web-share\" referrerpolicy=\"strict-origin-when-cross-origin\" allowfullscreen><\/iframe>\n<\/div><\/figure>\n\n\n\n<figure class=\"wp-block-gallery has-nested-images columns-default is-cropped wp-block-gallery-2 is-layout-flex wp-block-gallery-is-layout-flex\">\n<figure class=\"wp-block-image size-large\"><img loading=\"lazy\" decoding=\"async\" width=\"614\" height=\"1024\" data-id=\"887\" src=\"https:\/\/www.lahetysyhdistysseimi.fi\/wp-content\/uploads\/2026\/03\/image-6-614x1024.png\" alt=\"\" class=\"wp-image-887\" srcset=\"https:\/\/www.lahetysyhdistysseimi.fi\/wp-content\/uploads\/2026\/03\/image-6-614x1024.png 614w, https:\/\/www.lahetysyhdistysseimi.fi\/wp-content\/uploads\/2026\/03\/image-6-180x300.png 180w, https:\/\/www.lahetysyhdistysseimi.fi\/wp-content\/uploads\/2026\/03\/image-6-768x1281.png 768w, https:\/\/www.lahetysyhdistysseimi.fi\/wp-content\/uploads\/2026\/03\/image-6.png 899w\" sizes=\"auto, (max-width: 614px) 100vw, 614px\" \/><\/figure>\n\n\n\n<figure class=\"wp-block-image size-large\"><img loading=\"lazy\" decoding=\"async\" width=\"768\" height=\"1024\" data-id=\"855\" src=\"https:\/\/www.lahetysyhdistysseimi.fi\/wp-content\/uploads\/2026\/03\/image-1-768x1024.png\" alt=\"\" class=\"wp-image-855\" srcset=\"https:\/\/www.lahetysyhdistysseimi.fi\/wp-content\/uploads\/2026\/03\/image-1-768x1024.png 768w, https:\/\/www.lahetysyhdistysseimi.fi\/wp-content\/uploads\/2026\/03\/image-1-225x300.png 225w, https:\/\/www.lahetysyhdistysseimi.fi\/wp-content\/uploads\/2026\/03\/image-1-1152x1536.png 1152w, https:\/\/www.lahetysyhdistysseimi.fi\/wp-content\/uploads\/2026\/03\/image-1.png 1200w\" sizes=\"auto, (max-width: 768px) 100vw, 768px\" \/><\/figure>\n<\/figure>\n","protected":false},"excerpt":{"rendered":"<p>Profeetallinen rukous ja ylistys Jaana ja Vesa ovat Jumalan k\u00e4yt\u00f6ss\u00e4 palvellen lahjoillaan, musiikilla ja profeetallisuudella. Jumala on avannut Yrttiahoille yhteisen palveluty\u00f6n Suomessa ja avautumassa on my\u00f6s l\u00e4hetysmatkoja ulkomaille. Yrttiahojen halu on olla enenev\u00e4ss\u00e4 m\u00e4\u00e4rin mukana palvelemassa Jumalanvaltakunnan ty\u00f6ss\u00e4. Jaana on musiikin ammattilainen, jolle Jumala avasi ylistysmusiikin vuonna 1995. Siit\u00e4 l\u00e4htien h\u00e4n on palvellut seurakunnissa ymp\u00e4ri &hellip; <a href=\"https:\/\/www.lahetysyhdistysseimi.fi\/index.php\/ylistysmusiikki\/\" class=\"more-link\">Jatka lukemista <span class=\"screen-reader-text\">YLISTYS JA RUKOUS<\/span> <span class=\"meta-nav\">&rarr;<\/span><\/a><\/p>\n","protected":false},"author":1,"featured_media":0,"parent":0,"menu_order":0,"comment_status":"closed","ping_status":"closed","template":"","meta":{"footnotes":""},"class_list":["post-839","page","type-page","status-publish","hentry"],"_links":{"self":[{"href":"https:\/\/www.lahetysyhdistysseimi.fi\/index.php\/wp-json\/wp\/v2\/pages\/839","targetHints":{"allow":["GET"]}}],"collection":[{"href":"https:\/\/www.lahetysyhdistysseimi.fi\/index.php\/wp-json\/wp\/v2\/pages"}],"about":[{"href":"https:\/\/www.lahetysyhdistysseimi.fi\/index.php\/wp-json\/wp\/v2\/types\/page"}],"author":[{"embeddable":true,"href":"https:\/\/www.lahetysyhdistysseimi.fi\/index.php\/wp-json\/wp\/v2\/users\/1"}],"replies":[{"embeddable":true,"href":"https:\/\/www.lahetysyhdistysseimi.fi\/index.php\/wp-json\/wp\/v2\/comments?post=839"}],"version-history":[{"count":36,"href":"https:\/\/www.lahetysyhdistysseimi.fi\/index.php\/wp-json\/wp\/v2\/pages\/839\/revisions"}],"predecessor-version":[{"id":899,"href":"https:\/\/www.lahetysyhdistysseimi.fi\/index.php\/wp-json\/wp\/v2\/pages\/839\/revisions\/899"}],"wp:attachment":[{"href":"https:\/\/www.lahetysyhdistysseimi.fi\/index.php\/wp-json\/wp\/v2\/media?parent=839"}],"curies":[{"name":"wp","href":"https:\/\/api.w.org\/{rel}","templated":true}]}}