{"id":675,"date":"2026-02-13T08:47:57","date_gmt":"2026-02-13T08:47:57","guid":{"rendered":"https:\/\/www.lahetysyhdistysseimi.fi\/?page_id=675"},"modified":"2026-02-27T09:47:03","modified_gmt":"2026-02-27T09:47:03","slug":"katulapsilahetys","status":"publish","type":"page","link":"https:\/\/www.lahetysyhdistysseimi.fi\/index.php\/katulapsilahetys\/","title":{"rendered":"Katulapsil\u00e4hetys"},"content":{"rendered":"\n<div class=\"wp-block-media-text is-stacked-on-mobile\" style=\"grid-template-columns:42% auto\"><figure class=\"wp-block-media-text__media\"><img loading=\"lazy\" decoding=\"async\" width=\"586\" height=\"583\" src=\"https:\/\/www.lahetysyhdistysseimi.fi\/wp-content\/uploads\/2026\/02\/image-12.png\" alt=\"\" class=\"wp-image-715 size-full\" srcset=\"https:\/\/www.lahetysyhdistysseimi.fi\/wp-content\/uploads\/2026\/02\/image-12.png 586w, https:\/\/www.lahetysyhdistysseimi.fi\/wp-content\/uploads\/2026\/02\/image-12-300x298.png 300w, https:\/\/www.lahetysyhdistysseimi.fi\/wp-content\/uploads\/2026\/02\/image-12-150x150.png 150w\" sizes=\"auto, (max-width: 586px) 100vw, 586px\" \/><\/figure><div class=\"wp-block-media-text__content\">\n<p>Katulapsil\u00e4hetys, Street child mission, kohtaa tulevaisuudessa katulapsia kaduilla ja toreilla, kauppakeskuksissa ja rannoilla. Lapsille tuodaan toivo Jeesuksen Kristuksen ristin ty\u00f6n kautta tulleesta pelastuksesta ja syntien anteeksi antamisesta. Jumalan rakkaus muuttaa lasten syd\u00e4mi\u00e4 ja he ovat my\u00f6s itse todistajia Jumalan sanan ja Pyh\u00e4n Hengen muuttavasta vaikutuksesta. Lapsille ollaan esimerkkein\u00e4 Kristittyjen el\u00e4m\u00e4st\u00e4 ja  Katulasten luo tuodaan Jumalan rakkaus.<\/p>\n<\/div><\/div>\n\n\n\n<figure class=\"wp-block-embed is-type-video is-provider-youtube wp-block-embed-youtube wp-embed-aspect-16-9 wp-has-aspect-ratio\"><div class=\"wp-block-embed__wrapper\">\n<iframe loading=\"lazy\" title=\"Katulapsity\u00f6 Papua Uudessa Guineassa\" width=\"604\" height=\"340\" src=\"https:\/\/www.youtube.com\/embed\/ybV-BzC0Xes?feature=oembed\" frameborder=\"0\" allow=\"accelerometer; autoplay; clipboard-write; encrypted-media; gyroscope; picture-in-picture; web-share\" referrerpolicy=\"strict-origin-when-cross-origin\" allowfullscreen><\/iframe>\n<\/div><\/figure>\n\n\n\n<p>Katulapsil\u00e4hetys &#8211; Street child missio toteuttaa ruoka-, vaate- ja kenk\u00e4jakoa Ela beachill\u00e4 kaksi kertaa viikossa. Tulevaisuudessa tarkoitus on laajentaa toimintaa my\u00f6s muihin jakopisteisiin. Ruokajaossa pidet\u00e4\u00e4n yhteinen hartaus ja raamatunopetusta, lasten puolesta ja lasten kanssa rukoillaan. Lasten ruhjeisiin, haavoihin ja paiseisiin annetaan ensiapua. Tulevaisuudessa toiminnan piiriss\u00e4 oleville lapsille annetaan mahdollisuus terveydenhoitoon. <\/p>\n\n\n\n<p>Ruokajako on aloitettu katulapsille, mutta s\u00e4\u00e4nn\u00f6llisesti paikalle tulee my\u00f6s muita kadun kulkijoita. Pelk\u00e4st\u00e4\u00e4n esimerkki siit\u00e4, ett\u00e4 Jumala rakastaa katulapsia on niin vahva todistus paikallisille ihmisille, ett\u00e4 n\u00e4emme l\u00e4hes jokaisessa tilaisuudessa heit\u00e4, jotka haluavat saada syntins\u00e4 anteeksi Jeesuksen Kristuksen ristin ty\u00f6n kautta ja haluavat tulla Jumalan lapsiksi.<\/p>\n\n\n\n<p>Street child missioon liittyv\u00e4 k<a href=\"https:\/\/www.lahetysyhdistysseimi.fi\/index.php\/katulapsityo-papua-uudessa-guineassa\/katulasten-turvakoti\/\" data-type=\"link\" data-id=\"https:\/\/www.lahetysyhdistysseimi.fi\/index.php\/katulapsityo-papua-uudessa-guineassa\/katulasten-turvakoti\/\">atulasten turvakoti <\/a>on rakenteilla Port Moresbyn ulkopuolelle Kauteriin, josta p\u00e4\u00e4set lukemaan yll\u00e4 olevan linkin kautta.<\/p>\n\n\n\n<p>Haluaako seurakuntasi, kotikokousryhm\u00e4si tai rukouspiiri kuulla lis\u00e4\u00e4 Katulapsimissiosta? Esko ja Heli Somero kiert\u00e4v\u00e4t seurakunnissa kertomassa aiheesta ymp\u00e4ri Suomen. Yhteydenotot: heli.somero@lahetysyhdistysseimi.fi tai 040 961 0322.<\/p>\n\n\n\n<figure class=\"wp-block-gallery has-nested-images columns-default is-cropped wp-block-gallery-1 is-layout-flex wp-block-gallery-is-layout-flex\">\n<figure class=\"wp-block-image size-large\"><img loading=\"lazy\" decoding=\"async\" width=\"700\" height=\"735\" data-id=\"705\" src=\"https:\/\/www.lahetysyhdistysseimi.fi\/wp-content\/uploads\/2026\/02\/image-10.png\" alt=\"\" class=\"wp-image-705\" srcset=\"https:\/\/www.lahetysyhdistysseimi.fi\/wp-content\/uploads\/2026\/02\/image-10.png 700w, https:\/\/www.lahetysyhdistysseimi.fi\/wp-content\/uploads\/2026\/02\/image-10-286x300.png 286w\" sizes=\"auto, (max-width: 700px) 100vw, 700px\" \/><\/figure>\n\n\n\n<figure class=\"wp-block-image size-large\"><img loading=\"lazy\" decoding=\"async\" width=\"1002\" height=\"697\" data-id=\"709\" src=\"https:\/\/www.lahetysyhdistysseimi.fi\/wp-content\/uploads\/2026\/02\/image-11.png\" alt=\"\" class=\"wp-image-709\" srcset=\"https:\/\/www.lahetysyhdistysseimi.fi\/wp-content\/uploads\/2026\/02\/image-11.png 1002w, https:\/\/www.lahetysyhdistysseimi.fi\/wp-content\/uploads\/2026\/02\/image-11-300x209.png 300w, https:\/\/www.lahetysyhdistysseimi.fi\/wp-content\/uploads\/2026\/02\/image-11-768x534.png 768w\" sizes=\"auto, (max-width: 1002px) 100vw, 1002px\" \/><\/figure>\n<\/figure>\n\n\n\n<figure class=\"wp-block-image size-large\"><img loading=\"lazy\" decoding=\"async\" width=\"1024\" height=\"576\" src=\"https:\/\/www.lahetysyhdistysseimi.fi\/wp-content\/uploads\/2026\/02\/IMG-20251025-WA0021-1024x576.jpeg\" alt=\"\" class=\"wp-image-615\" srcset=\"https:\/\/www.lahetysyhdistysseimi.fi\/wp-content\/uploads\/2026\/02\/IMG-20251025-WA0021-1024x576.jpeg 1024w, https:\/\/www.lahetysyhdistysseimi.fi\/wp-content\/uploads\/2026\/02\/IMG-20251025-WA0021-300x169.jpeg 300w, https:\/\/www.lahetysyhdistysseimi.fi\/wp-content\/uploads\/2026\/02\/IMG-20251025-WA0021-768x432.jpeg 768w, https:\/\/www.lahetysyhdistysseimi.fi\/wp-content\/uploads\/2026\/02\/IMG-20251025-WA0021-1536x864.jpeg 1536w, https:\/\/www.lahetysyhdistysseimi.fi\/wp-content\/uploads\/2026\/02\/IMG-20251025-WA0021-2048x1152.jpeg 2048w\" sizes=\"auto, (max-width: 1024px) 100vw, 1024px\" \/><\/figure>\n\n\n\n<figure class=\"wp-block-image size-large\"><img loading=\"lazy\" decoding=\"async\" width=\"1020\" height=\"765\" src=\"https:\/\/www.lahetysyhdistysseimi.fi\/wp-content\/uploads\/2026\/02\/IMG-20251129-WA0004-1.jpg\" alt=\"\" class=\"wp-image-464\" srcset=\"https:\/\/www.lahetysyhdistysseimi.fi\/wp-content\/uploads\/2026\/02\/IMG-20251129-WA0004-1.jpg 1020w, https:\/\/www.lahetysyhdistysseimi.fi\/wp-content\/uploads\/2026\/02\/IMG-20251129-WA0004-1-300x225.jpg 300w, https:\/\/www.lahetysyhdistysseimi.fi\/wp-content\/uploads\/2026\/02\/IMG-20251129-WA0004-1-768x576.jpg 768w\" sizes=\"auto, (max-width: 1020px) 100vw, 1020px\" \/><\/figure>\n\n\n\n<figure class=\"wp-block-image size-large\"><img loading=\"lazy\" decoding=\"async\" width=\"1024\" height=\"768\" src=\"https:\/\/www.lahetysyhdistysseimi.fi\/wp-content\/uploads\/2026\/02\/IMG-20251004-WA0016-1024x768.jpg\" alt=\"\" class=\"wp-image-509\" srcset=\"https:\/\/www.lahetysyhdistysseimi.fi\/wp-content\/uploads\/2026\/02\/IMG-20251004-WA0016-1024x768.jpg 1024w, https:\/\/www.lahetysyhdistysseimi.fi\/wp-content\/uploads\/2026\/02\/IMG-20251004-WA0016-300x225.jpg 300w, https:\/\/www.lahetysyhdistysseimi.fi\/wp-content\/uploads\/2026\/02\/IMG-20251004-WA0016-768x576.jpg 768w, https:\/\/www.lahetysyhdistysseimi.fi\/wp-content\/uploads\/2026\/02\/IMG-20251004-WA0016-1536x1152.jpg 1536w, https:\/\/www.lahetysyhdistysseimi.fi\/wp-content\/uploads\/2026\/02\/IMG-20251004-WA0016.jpg 1600w\" sizes=\"auto, (max-width: 1024px) 100vw, 1024px\" \/><\/figure>\n\n\n\n<figure class=\"wp-block-image size-large\"><img loading=\"lazy\" decoding=\"async\" width=\"768\" height=\"1024\" src=\"https:\/\/www.lahetysyhdistysseimi.fi\/wp-content\/uploads\/2026\/02\/IMG-20251004-WA0022-1-768x1024.jpg\" alt=\"\" class=\"wp-image-508\" srcset=\"https:\/\/www.lahetysyhdistysseimi.fi\/wp-content\/uploads\/2026\/02\/IMG-20251004-WA0022-1-768x1024.jpg 768w, https:\/\/www.lahetysyhdistysseimi.fi\/wp-content\/uploads\/2026\/02\/IMG-20251004-WA0022-1-225x300.jpg 225w, https:\/\/www.lahetysyhdistysseimi.fi\/wp-content\/uploads\/2026\/02\/IMG-20251004-WA0022-1-1152x1536.jpg 1152w, https:\/\/www.lahetysyhdistysseimi.fi\/wp-content\/uploads\/2026\/02\/IMG-20251004-WA0022-1.jpg 1200w\" sizes=\"auto, (max-width: 768px) 100vw, 768px\" \/><\/figure>\n\n\n\n<figure class=\"wp-block-image size-large\"><img loading=\"lazy\" decoding=\"async\" width=\"768\" height=\"1024\" src=\"https:\/\/www.lahetysyhdistysseimi.fi\/wp-content\/uploads\/2026\/02\/IMG-20251011-WA0024-1-768x1024.jpg\" alt=\"\" class=\"wp-image-503\" srcset=\"https:\/\/www.lahetysyhdistysseimi.fi\/wp-content\/uploads\/2026\/02\/IMG-20251011-WA0024-1-768x1024.jpg 768w, https:\/\/www.lahetysyhdistysseimi.fi\/wp-content\/uploads\/2026\/02\/IMG-20251011-WA0024-1-225x300.jpg 225w, https:\/\/www.lahetysyhdistysseimi.fi\/wp-content\/uploads\/2026\/02\/IMG-20251011-WA0024-1-1152x1536.jpg 1152w, https:\/\/www.lahetysyhdistysseimi.fi\/wp-content\/uploads\/2026\/02\/IMG-20251011-WA0024-1.jpg 1200w\" sizes=\"auto, (max-width: 768px) 100vw, 768px\" \/><\/figure>\n\n\n\n<figure class=\"wp-block-image size-large\"><img loading=\"lazy\" decoding=\"async\" width=\"768\" height=\"1024\" src=\"https:\/\/www.lahetysyhdistysseimi.fi\/wp-content\/uploads\/2026\/02\/IMG-20251018-WA0023-2-768x1024.jpg\" alt=\"\" class=\"wp-image-496\" srcset=\"https:\/\/www.lahetysyhdistysseimi.fi\/wp-content\/uploads\/2026\/02\/IMG-20251018-WA0023-2-768x1024.jpg 768w, https:\/\/www.lahetysyhdistysseimi.fi\/wp-content\/uploads\/2026\/02\/IMG-20251018-WA0023-2-225x300.jpg 225w, https:\/\/www.lahetysyhdistysseimi.fi\/wp-content\/uploads\/2026\/02\/IMG-20251018-WA0023-2-1152x1536.jpg 1152w, https:\/\/www.lahetysyhdistysseimi.fi\/wp-content\/uploads\/2026\/02\/IMG-20251018-WA0023-2.jpg 1200w\" sizes=\"auto, (max-width: 768px) 100vw, 768px\" \/><\/figure>\n\n\n\n<figure class=\"wp-block-image size-large\"><img loading=\"lazy\" decoding=\"async\" width=\"768\" height=\"1024\" src=\"https:\/\/www.lahetysyhdistysseimi.fi\/wp-content\/uploads\/2026\/02\/IMG-20251011-WA0017-1-768x1024.jpg\" alt=\"\" class=\"wp-image-504\" srcset=\"https:\/\/www.lahetysyhdistysseimi.fi\/wp-content\/uploads\/2026\/02\/IMG-20251011-WA0017-1-768x1024.jpg 768w, https:\/\/www.lahetysyhdistysseimi.fi\/wp-content\/uploads\/2026\/02\/IMG-20251011-WA0017-1-225x300.jpg 225w, https:\/\/www.lahetysyhdistysseimi.fi\/wp-content\/uploads\/2026\/02\/IMG-20251011-WA0017-1-1152x1536.jpg 1152w, https:\/\/www.lahetysyhdistysseimi.fi\/wp-content\/uploads\/2026\/02\/IMG-20251011-WA0017-1.jpg 1200w\" sizes=\"auto, (max-width: 768px) 100vw, 768px\" \/><\/figure>\n\n\n\n<figure class=\"wp-block-image size-large\"><img loading=\"lazy\" decoding=\"async\" width=\"1020\" height=\"765\" src=\"https:\/\/www.lahetysyhdistysseimi.fi\/wp-content\/uploads\/2026\/02\/IMG-20251026-WA0000.jpg\" alt=\"\" class=\"wp-image-485\" srcset=\"https:\/\/www.lahetysyhdistysseimi.fi\/wp-content\/uploads\/2026\/02\/IMG-20251026-WA0000.jpg 1020w, https:\/\/www.lahetysyhdistysseimi.fi\/wp-content\/uploads\/2026\/02\/IMG-20251026-WA0000-300x225.jpg 300w, https:\/\/www.lahetysyhdistysseimi.fi\/wp-content\/uploads\/2026\/02\/IMG-20251026-WA0000-768x576.jpg 768w\" sizes=\"auto, (max-width: 1020px) 100vw, 1020px\" \/><\/figure>\n\n\n\n<figure class=\"wp-block-image size-large\"><img loading=\"lazy\" decoding=\"async\" width=\"768\" height=\"1024\" src=\"https:\/\/www.lahetysyhdistysseimi.fi\/wp-content\/uploads\/2026\/02\/IMG-20251022-WA0031-1-768x1024.jpg\" alt=\"\" class=\"wp-image-491\" srcset=\"https:\/\/www.lahetysyhdistysseimi.fi\/wp-content\/uploads\/2026\/02\/IMG-20251022-WA0031-1-768x1024.jpg 768w, https:\/\/www.lahetysyhdistysseimi.fi\/wp-content\/uploads\/2026\/02\/IMG-20251022-WA0031-1-225x300.jpg 225w, https:\/\/www.lahetysyhdistysseimi.fi\/wp-content\/uploads\/2026\/02\/IMG-20251022-WA0031-1-1152x1536.jpg 1152w, https:\/\/www.lahetysyhdistysseimi.fi\/wp-content\/uploads\/2026\/02\/IMG-20251022-WA0031-1.jpg 1512w\" sizes=\"auto, (max-width: 768px) 100vw, 768px\" \/><figcaption class=\"wp-element-caption\">Harjoitellaan anteeksi pyyt\u00e4mist\u00e4&#8230;<\/figcaption><\/figure>\n\n\n\n<figure class=\"wp-block-image size-large\"><img loading=\"lazy\" decoding=\"async\" width=\"768\" height=\"1024\" src=\"https:\/\/www.lahetysyhdistysseimi.fi\/wp-content\/uploads\/2026\/02\/IMG-20251022-WA0015-768x1024.jpg\" alt=\"\" class=\"wp-image-492\" srcset=\"https:\/\/www.lahetysyhdistysseimi.fi\/wp-content\/uploads\/2026\/02\/IMG-20251022-WA0015-768x1024.jpg 768w, https:\/\/www.lahetysyhdistysseimi.fi\/wp-content\/uploads\/2026\/02\/IMG-20251022-WA0015-225x300.jpg 225w, https:\/\/www.lahetysyhdistysseimi.fi\/wp-content\/uploads\/2026\/02\/IMG-20251022-WA0015-1152x1536.jpg 1152w, https:\/\/www.lahetysyhdistysseimi.fi\/wp-content\/uploads\/2026\/02\/IMG-20251022-WA0015.jpg 1512w\" sizes=\"auto, (max-width: 768px) 100vw, 768px\" \/><figcaption class=\"wp-element-caption\">ja anteeksi antamista<\/figcaption><\/figure>\n\n\n\n<figure class=\"wp-block-image size-large\"><img loading=\"lazy\" decoding=\"async\" width=\"768\" height=\"1024\" src=\"https:\/\/www.lahetysyhdistysseimi.fi\/wp-content\/uploads\/2026\/02\/IMG-20251018-WA0052-2-768x1024.jpg\" alt=\"\" class=\"wp-image-483\" srcset=\"https:\/\/www.lahetysyhdistysseimi.fi\/wp-content\/uploads\/2026\/02\/IMG-20251018-WA0052-2-768x1024.jpg 768w, https:\/\/www.lahetysyhdistysseimi.fi\/wp-content\/uploads\/2026\/02\/IMG-20251018-WA0052-2-225x300.jpg 225w, https:\/\/www.lahetysyhdistysseimi.fi\/wp-content\/uploads\/2026\/02\/IMG-20251018-WA0052-2.jpg 810w\" sizes=\"auto, (max-width: 768px) 100vw, 768px\" \/><\/figure>\n\n\n\n<figure class=\"wp-block-image size-large\"><img loading=\"lazy\" decoding=\"async\" width=\"768\" height=\"1024\" src=\"https:\/\/www.lahetysyhdistysseimi.fi\/wp-content\/uploads\/2026\/02\/IMG-20251022-WA0027-1-768x1024.jpg\" alt=\"\" class=\"wp-image-490\" srcset=\"https:\/\/www.lahetysyhdistysseimi.fi\/wp-content\/uploads\/2026\/02\/IMG-20251022-WA0027-1-768x1024.jpg 768w, https:\/\/www.lahetysyhdistysseimi.fi\/wp-content\/uploads\/2026\/02\/IMG-20251022-WA0027-1-225x300.jpg 225w, https:\/\/www.lahetysyhdistysseimi.fi\/wp-content\/uploads\/2026\/02\/IMG-20251022-WA0027-1-1152x1536.jpg 1152w, https:\/\/www.lahetysyhdistysseimi.fi\/wp-content\/uploads\/2026\/02\/IMG-20251022-WA0027-1.jpg 1512w\" sizes=\"auto, (max-width: 768px) 100vw, 768px\" \/><\/figure>\n\n\n\n<figure class=\"wp-block-image size-large\"><img loading=\"lazy\" decoding=\"async\" width=\"768\" height=\"1024\" src=\"https:\/\/www.lahetysyhdistysseimi.fi\/wp-content\/uploads\/2026\/02\/IMG-20251026-WA0053-1-768x1024.jpg\" alt=\"\" class=\"wp-image-484\" srcset=\"https:\/\/www.lahetysyhdistysseimi.fi\/wp-content\/uploads\/2026\/02\/IMG-20251026-WA0053-1-768x1024.jpg 768w, https:\/\/www.lahetysyhdistysseimi.fi\/wp-content\/uploads\/2026\/02\/IMG-20251026-WA0053-1-225x300.jpg 225w, https:\/\/www.lahetysyhdistysseimi.fi\/wp-content\/uploads\/2026\/02\/IMG-20251026-WA0053-1-1152x1536.jpg 1152w, https:\/\/www.lahetysyhdistysseimi.fi\/wp-content\/uploads\/2026\/02\/IMG-20251026-WA0053-1.jpg 1200w\" sizes=\"auto, (max-width: 768px) 100vw, 768px\" \/><figcaption class=\"wp-element-caption\">Hyvv\u00e4\u00e4 p\u00e4iv\u00e4\u00e4 -gutpela de<\/figcaption><\/figure>\n\n\n\n<figure class=\"wp-block-image size-large\"><img loading=\"lazy\" decoding=\"async\" width=\"768\" height=\"1024\" src=\"https:\/\/www.lahetysyhdistysseimi.fi\/wp-content\/uploads\/2026\/02\/IMG-20251026-WA00581-768x1024.jpg\" alt=\"\" class=\"wp-image-480\" srcset=\"https:\/\/www.lahetysyhdistysseimi.fi\/wp-content\/uploads\/2026\/02\/IMG-20251026-WA00581-768x1024.jpg 768w, https:\/\/www.lahetysyhdistysseimi.fi\/wp-content\/uploads\/2026\/02\/IMG-20251026-WA00581-225x300.jpg 225w, https:\/\/www.lahetysyhdistysseimi.fi\/wp-content\/uploads\/2026\/02\/IMG-20251026-WA00581-1152x1536.jpg 1152w, https:\/\/www.lahetysyhdistysseimi.fi\/wp-content\/uploads\/2026\/02\/IMG-20251026-WA00581.jpg 1200w\" sizes=\"auto, (max-width: 768px) 100vw, 768px\" \/><\/figure>\n\n\n\n<figure class=\"wp-block-image size-large\"><img loading=\"lazy\" decoding=\"async\" width=\"768\" height=\"1024\" src=\"https:\/\/www.lahetysyhdistysseimi.fi\/wp-content\/uploads\/2026\/02\/IMG-20251001-WA00151-2-768x1024.jpg\" alt=\"\" class=\"wp-image-475\" srcset=\"https:\/\/www.lahetysyhdistysseimi.fi\/wp-content\/uploads\/2026\/02\/IMG-20251001-WA00151-2-768x1024.jpg 768w, https:\/\/www.lahetysyhdistysseimi.fi\/wp-content\/uploads\/2026\/02\/IMG-20251001-WA00151-2-225x300.jpg 225w, https:\/\/www.lahetysyhdistysseimi.fi\/wp-content\/uploads\/2026\/02\/IMG-20251001-WA00151-2-1152x1536.jpg 1152w, https:\/\/www.lahetysyhdistysseimi.fi\/wp-content\/uploads\/2026\/02\/IMG-20251001-WA00151-2.jpg 1200w\" sizes=\"auto, (max-width: 768px) 100vw, 768px\" \/><\/figure>\n\n\n\n<figure class=\"wp-block-image size-large\"><img loading=\"lazy\" decoding=\"async\" width=\"768\" height=\"1024\" src=\"https:\/\/www.lahetysyhdistysseimi.fi\/wp-content\/uploads\/2026\/02\/IMG-20251124-WA0008-2-768x1024.jpg\" alt=\"\" class=\"wp-image-477\" srcset=\"https:\/\/www.lahetysyhdistysseimi.fi\/wp-content\/uploads\/2026\/02\/IMG-20251124-WA0008-2-768x1024.jpg 768w, https:\/\/www.lahetysyhdistysseimi.fi\/wp-content\/uploads\/2026\/02\/IMG-20251124-WA0008-2-225x300.jpg 225w, https:\/\/www.lahetysyhdistysseimi.fi\/wp-content\/uploads\/2026\/02\/IMG-20251124-WA0008-2-1152x1536.jpg 1152w, https:\/\/www.lahetysyhdistysseimi.fi\/wp-content\/uploads\/2026\/02\/IMG-20251124-WA0008-2.jpg 1200w\" sizes=\"auto, (max-width: 768px) 100vw, 768px\" \/><\/figure>\n\n\n\n<figure class=\"wp-block-image size-large\"><img loading=\"lazy\" decoding=\"async\" width=\"768\" height=\"1024\" src=\"https:\/\/www.lahetysyhdistysseimi.fi\/wp-content\/uploads\/2026\/02\/IMG-20251004-WA00551-2-768x1024.jpg\" alt=\"\" class=\"wp-image-476\" srcset=\"https:\/\/www.lahetysyhdistysseimi.fi\/wp-content\/uploads\/2026\/02\/IMG-20251004-WA00551-2-768x1024.jpg 768w, https:\/\/www.lahetysyhdistysseimi.fi\/wp-content\/uploads\/2026\/02\/IMG-20251004-WA00551-2-225x300.jpg 225w, https:\/\/www.lahetysyhdistysseimi.fi\/wp-content\/uploads\/2026\/02\/IMG-20251004-WA00551-2-1152x1536.jpg 1152w, https:\/\/www.lahetysyhdistysseimi.fi\/wp-content\/uploads\/2026\/02\/IMG-20251004-WA00551-2.jpg 1200w\" sizes=\"auto, (max-width: 768px) 100vw, 768px\" \/><figcaption class=\"wp-element-caption\">Leipi\u00e4 Ela Beachille<\/figcaption><\/figure>\n\n\n\n<figure class=\"wp-block-image size-large\"><img loading=\"lazy\" decoding=\"async\" width=\"768\" height=\"1024\" src=\"https:\/\/www.lahetysyhdistysseimi.fi\/wp-content\/uploads\/2026\/02\/IMG-20251124-WA0003-2-768x1024.jpg\" alt=\"\" class=\"wp-image-481\" srcset=\"https:\/\/www.lahetysyhdistysseimi.fi\/wp-content\/uploads\/2026\/02\/IMG-20251124-WA0003-2-768x1024.jpg 768w, https:\/\/www.lahetysyhdistysseimi.fi\/wp-content\/uploads\/2026\/02\/IMG-20251124-WA0003-2-225x300.jpg 225w, https:\/\/www.lahetysyhdistysseimi.fi\/wp-content\/uploads\/2026\/02\/IMG-20251124-WA0003-2-1152x1536.jpg 1152w, https:\/\/www.lahetysyhdistysseimi.fi\/wp-content\/uploads\/2026\/02\/IMG-20251124-WA0003-2.jpg 1200w\" sizes=\"auto, (max-width: 768px) 100vw, 768px\" \/><\/figure>\n\n\n\n<figure class=\"wp-block-image size-full\"><img loading=\"lazy\" decoding=\"async\" width=\"1020\" height=\"765\" src=\"https:\/\/www.lahetysyhdistysseimi.fi\/wp-content\/uploads\/2026\/02\/1000066481.jpg\" alt=\"\" class=\"wp-image-806\" srcset=\"https:\/\/www.lahetysyhdistysseimi.fi\/wp-content\/uploads\/2026\/02\/1000066481.jpg 1020w, https:\/\/www.lahetysyhdistysseimi.fi\/wp-content\/uploads\/2026\/02\/1000066481-300x225.jpg 300w, https:\/\/www.lahetysyhdistysseimi.fi\/wp-content\/uploads\/2026\/02\/1000066481-768x576.jpg 768w\" sizes=\"auto, (max-width: 1020px) 100vw, 1020px\" \/><\/figure>\n\n\n\n<figure class=\"wp-block-image size-full\"><img loading=\"lazy\" decoding=\"async\" width=\"765\" height=\"1020\" src=\"https:\/\/www.lahetysyhdistysseimi.fi\/wp-content\/uploads\/2026\/02\/1000066480.jpg\" alt=\"\" class=\"wp-image-810\" srcset=\"https:\/\/www.lahetysyhdistysseimi.fi\/wp-content\/uploads\/2026\/02\/1000066480.jpg 765w, https:\/\/www.lahetysyhdistysseimi.fi\/wp-content\/uploads\/2026\/02\/1000066480-225x300.jpg 225w\" sizes=\"auto, (max-width: 765px) 100vw, 765px\" \/><\/figure>\n","protected":false},"excerpt":{"rendered":"<p>Katulapsil\u00e4hetys, Street child mission, kohtaa tulevaisuudessa katulapsia kaduilla ja toreilla, kauppakeskuksissa ja rannoilla. Lapsille tuodaan toivo Jeesuksen Kristuksen ristin ty\u00f6n kautta tulleesta pelastuksesta ja syntien anteeksi antamisesta. Jumalan rakkaus muuttaa lasten syd\u00e4mi\u00e4 ja he ovat my\u00f6s itse todistajia Jumalan sanan ja Pyh\u00e4n Hengen muuttavasta vaikutuksesta. Lapsille ollaan esimerkkein\u00e4 Kristittyjen el\u00e4m\u00e4st\u00e4 ja Katulasten luo tuodaan Jumalan &hellip; <a href=\"https:\/\/www.lahetysyhdistysseimi.fi\/index.php\/katulapsilahetys\/\" class=\"more-link\">Jatka lukemista <span class=\"screen-reader-text\">Katulapsil\u00e4hetys<\/span> <span class=\"meta-nav\">&rarr;<\/span><\/a><\/p>\n","protected":false},"author":1,"featured_media":0,"parent":0,"menu_order":0,"comment_status":"closed","ping_status":"closed","template":"","meta":{"footnotes":""},"class_list":["post-675","page","type-page","status-publish","hentry"],"_links":{"self":[{"href":"https:\/\/www.lahetysyhdistysseimi.fi\/index.php\/wp-json\/wp\/v2\/pages\/675","targetHints":{"allow":["GET"]}}],"collection":[{"href":"https:\/\/www.lahetysyhdistysseimi.fi\/index.php\/wp-json\/wp\/v2\/pages"}],"about":[{"href":"https:\/\/www.lahetysyhdistysseimi.fi\/index.php\/wp-json\/wp\/v2\/types\/page"}],"author":[{"embeddable":true,"href":"https:\/\/www.lahetysyhdistysseimi.fi\/index.php\/wp-json\/wp\/v2\/users\/1"}],"replies":[{"embeddable":true,"href":"https:\/\/www.lahetysyhdistysseimi.fi\/index.php\/wp-json\/wp\/v2\/comments?post=675"}],"version-history":[{"count":18,"href":"https:\/\/www.lahetysyhdistysseimi.fi\/index.php\/wp-json\/wp\/v2\/pages\/675\/revisions"}],"predecessor-version":[{"id":812,"href":"https:\/\/www.lahetysyhdistysseimi.fi\/index.php\/wp-json\/wp\/v2\/pages\/675\/revisions\/812"}],"wp:attachment":[{"href":"https:\/\/www.lahetysyhdistysseimi.fi\/index.php\/wp-json\/wp\/v2\/media?parent=675"}],"curies":[{"name":"wp","href":"https:\/\/api.w.org\/{rel}","templated":true}]}}