{"id":63,"date":"2026-02-03T16:40:34","date_gmt":"2026-02-03T16:40:34","guid":{"rendered":"http:\/\/31.217.196.115\/~ztdcokoq\/?page_id=63"},"modified":"2026-02-21T09:57:49","modified_gmt":"2026-02-21T09:57:49","slug":"tue-toimintaa","status":"publish","type":"page","link":"https:\/\/www.lahetysyhdistysseimi.fi\/index.php\/tue-toimintaa\/","title":{"rendered":"Tue Seimen toimintaa"},"content":{"rendered":"\n<p><strong>Pankkitili: FI94 531301 20 189478<br>Saaja: L\u00e4hetysyhdistys Seimi ry<br>Viitenumerot:<br>3557 SEIMI ry:n YLEINEN TUKI<br>3667 L\u00c4HETYSTY\u00d6<br>3777 JULKAISUTOIMINTA<br>3447 YLISTYS<\/strong><br><em>L\u00e4hetysyhdistys Seimi ry:n hallitus p\u00e4\u00e4tt\u00e4\u00e4 kokouksessaan kunkin viitteen osalta ker\u00e4ttyjen varojen k\u00e4ytt\u00e4misest\u00e4 akuuteimman tarpeen periaatteen mukaisesti kyseiseen kohteeseen.<\/em><\/p>\n\n\n\n<p><strong>MOBILEPAY: 22303<\/strong><br>Valitse Mobilepayst\u00e4 haluamasi tuen kohde: <br>L\u00e4hetysty\u00f6 (PUG), julkaisutoiminta, Seimen yleinen tuki tai ylistys<br><br><strong>Ohjeet ulkomailta tuleviin maksuihin:<\/strong><br>Eu:n sis\u00e4lt\u00e4 maksu:<br>Tilinro: FI9453130120189478<br>Bic-koodi: OKOYFIHH<br>Saaja: L\u00e4hetysyhdistys Seimi ry<br><br><strong>Jos maksu tulee Eu:n ulkopuolelta tarvitaan edellisten lis\u00e4ksi:<br><\/strong>Saajan osoite: <br>L\u00e4hetysyhdistys Seimi ry,<br>Jouhtenentie 254<br>86300 OULAINEN<br>Pankin osoite:<br>Suomensel\u00e4n osuuspankki, <br>Oulaisten konttori<br>Keskuskatu 7,<br>86300 OULAINEN<\/p>\n\n\n\n<p><strong><br>Poliisihallituksen lupanumero: RA\/2025\/1207<\/strong> (Pysyv\u00e4 ker\u00e4yslupa)<br><em>\u201dVaroja k\u00e4ytet\u00e4\u00e4n Suomessa ja ulkomailla teht\u00e4v\u00e4\u00e4n l\u00e4hetysty\u00f6h\u00f6n,<br>kuten esimerkiksi vankila- ja katulapsity\u00f6h\u00f6n. Varoilla hankitaan<br>avustustarvikkeita, kuten esimerkiksi ruokaa, vaatteita ja tarvikkeita<br>jaettavaksi avustuskohteessa apua tarvitseville sek\u00e4 katetaan<br>avustettavien terveydenhuoltoon liittyvi\u00e4 kustannuksia. Varoilla voidaan<br>kattaa l\u00e4hetyskohteisiin liittyvi\u00e4 matka-, ajoneuvo- ja palkkakustannuksia<br>sek\u00e4 irtaimen omaisuuden ja kiinteist\u00f6jen hankintaan, vuokraukseen tai<br>yll\u00e4pitoon liittyvi\u00e4 kustannuksia enint\u00e4\u00e4n niilt\u00e4 osin, kuin ne liittyv\u00e4t<br>yksinomaan yleishy\u00f6dylliseen k\u00e4ytt\u00f6tarkoitukseen. Varoilla voidaan<br>toteuttaa Suomessa koulutuksia, kattaa maksutta jaettavien kirjojen<br>kustannuksia, sek\u00e4 j\u00e4rjest\u00e4\u00e4 hengellisi\u00e4 tilaisuuksia ja maksaa niiden<br>j\u00e4rjest\u00e4miseen liittyvi\u00e4 kustannuksia. Yhdistys voi lis\u00e4ksi my\u00f6nt\u00e4\u00e4<br>avustuksia tai stipendej\u00e4 l\u00e4hetyskohteissa teht\u00e4v\u00e4\u00e4 harjoittelua tai ty\u00f6t\u00e4<br>varten.\u201d<\/em><br>Lahjoitetut varat ohjataan kuhunkin k\u00e4ytt\u00f6kohteeseen viitenumerolla.<\/p>\n\n\n\n<figure class=\"wp-block-image size-large\"><img loading=\"lazy\" decoding=\"async\" width=\"1024\" height=\"216\" src=\"https:\/\/www.lahetysyhdistysseimi.fi\/wp-content\/uploads\/2026\/02\/image-16-1024x216.png\" alt=\"\" class=\"wp-image-745\" srcset=\"https:\/\/www.lahetysyhdistysseimi.fi\/wp-content\/uploads\/2026\/02\/image-16-1024x216.png 1024w, https:\/\/www.lahetysyhdistysseimi.fi\/wp-content\/uploads\/2026\/02\/image-16-300x63.png 300w, https:\/\/www.lahetysyhdistysseimi.fi\/wp-content\/uploads\/2026\/02\/image-16-768x162.png 768w, https:\/\/www.lahetysyhdistysseimi.fi\/wp-content\/uploads\/2026\/02\/image-16-1536x324.png 1536w, https:\/\/www.lahetysyhdistysseimi.fi\/wp-content\/uploads\/2026\/02\/image-16.png 1566w\" sizes=\"auto, (max-width: 1024px) 100vw, 1024px\" \/><\/figure>\n","protected":false},"excerpt":{"rendered":"<p>Pankkitili: FI94 531301 20 189478Saaja: L\u00e4hetysyhdistys Seimi ryViitenumerot:3557 SEIMI ry:n YLEINEN TUKI3667 L\u00c4HETYSTY\u00d63777 JULKAISUTOIMINTA3447 YLISTYSL\u00e4hetysyhdistys Seimi ry:n hallitus p\u00e4\u00e4tt\u00e4\u00e4 kokouksessaan kunkin viitteen osalta ker\u00e4ttyjen varojen k\u00e4ytt\u00e4misest\u00e4 akuuteimman tarpeen periaatteen mukaisesti kyseiseen kohteeseen. MOBILEPAY: 22303Valitse Mobilepayst\u00e4 haluamasi tuen kohde: L\u00e4hetysty\u00f6 (PUG), julkaisutoiminta, Seimen yleinen tuki tai ylistys Ohjeet ulkomailta tuleviin maksuihin:Eu:n sis\u00e4lt\u00e4 maksu:Tilinro: FI9453130120189478Bic-koodi: OKOYFIHHSaaja: L\u00e4hetysyhdistys &hellip; <a href=\"https:\/\/www.lahetysyhdistysseimi.fi\/index.php\/tue-toimintaa\/\" class=\"more-link\">Jatka lukemista <span class=\"screen-reader-text\">Tue Seimen toimintaa<\/span> <span class=\"meta-nav\">&rarr;<\/span><\/a><\/p>\n","protected":false},"author":1,"featured_media":0,"parent":0,"menu_order":0,"comment_status":"closed","ping_status":"closed","template":"","meta":{"footnotes":""},"class_list":["post-63","page","type-page","status-publish","hentry"],"_links":{"self":[{"href":"https:\/\/www.lahetysyhdistysseimi.fi\/index.php\/wp-json\/wp\/v2\/pages\/63","targetHints":{"allow":["GET"]}}],"collection":[{"href":"https:\/\/www.lahetysyhdistysseimi.fi\/index.php\/wp-json\/wp\/v2\/pages"}],"about":[{"href":"https:\/\/www.lahetysyhdistysseimi.fi\/index.php\/wp-json\/wp\/v2\/types\/page"}],"author":[{"embeddable":true,"href":"https:\/\/www.lahetysyhdistysseimi.fi\/index.php\/wp-json\/wp\/v2\/users\/1"}],"replies":[{"embeddable":true,"href":"https:\/\/www.lahetysyhdistysseimi.fi\/index.php\/wp-json\/wp\/v2\/comments?post=63"}],"version-history":[{"count":14,"href":"https:\/\/www.lahetysyhdistysseimi.fi\/index.php\/wp-json\/wp\/v2\/pages\/63\/revisions"}],"predecessor-version":[{"id":754,"href":"https:\/\/www.lahetysyhdistysseimi.fi\/index.php\/wp-json\/wp\/v2\/pages\/63\/revisions\/754"}],"wp:attachment":[{"href":"https:\/\/www.lahetysyhdistysseimi.fi\/index.php\/wp-json\/wp\/v2\/media?parent=63"}],"curies":[{"name":"wp","href":"https:\/\/api.w.org\/{rel}","templated":true}]}}