{"id":621,"date":"2026-02-07T16:17:13","date_gmt":"2026-02-07T16:17:13","guid":{"rendered":"https:\/\/www.lahetysyhdistysseimi.fi\/?page_id=621"},"modified":"2026-03-23T10:34:59","modified_gmt":"2026-03-23T10:34:59","slug":"katulapsilahetyksen-tuki","status":"publish","type":"page","link":"https:\/\/www.lahetysyhdistysseimi.fi\/index.php\/katulapsilahetyksen-tuki\/","title":{"rendered":"KATULAPSIL\u00c4HETYKSEN TUKI"},"content":{"rendered":"\n<p><strong><mark style=\"background-color:rgba(0, 0, 0, 0)\" class=\"has-inline-color has-red-color\">HALUATKO TUKEA KATULAPSITY\u00d6T\u00c4 PAPUA UUDESSA GUINEASSA<\/mark><\/strong><br><strong><em>Pankkitili: FI94 531301 20 189478<br>Saaja: L\u00e4hetysyhdistys Seimi ry<br>Viitenumero: 3667 L\u00c4HETYSTY\u00d6<\/em><\/strong><br><strong>MOBILEPAY: 22303<\/strong><\/p>\n\n\n\n<div class=\"wp-block-media-text is-stacked-on-mobile\" style=\"grid-template-columns:26% auto\"><figure class=\"wp-block-media-text__media\"><img loading=\"lazy\" decoding=\"async\" width=\"395\" height=\"382\" src=\"https:\/\/www.lahetysyhdistysseimi.fi\/wp-content\/uploads\/2026\/03\/image.png\" alt=\"\" class=\"wp-image-853 size-full\" srcset=\"https:\/\/www.lahetysyhdistysseimi.fi\/wp-content\/uploads\/2026\/03\/image.png 395w, https:\/\/www.lahetysyhdistysseimi.fi\/wp-content\/uploads\/2026\/03\/image-300x290.png 300w\" sizes=\"auto, (max-width: 395px) 100vw, 395px\" \/><\/figure><div class=\"wp-block-media-text__content\">\n<p>Valitse Mobilepayst\u00e4; <strong>L\u00e4hetysty\u00f6 PUG<\/strong> (Papua Uusi Guinea)<\/p>\n<\/div><\/div>\n\n\n\n<p><strong><mark style=\"background-color:rgba(0, 0, 0, 0)\" class=\"has-inline-color has-red-color\">ULKOMAILTA TULEVAT MAKSUT:<\/mark><\/strong><br><em><strong>Eu:n sis\u00e4lt\u00e4:<\/strong><br>Tilinro: FI9453130120189478<br>Bic-koodi: OKOYFIHH<br>Saaja: L\u00e4hetysyhdistys Seimi ry<br><strong>Eu:n ulkopuolelta, edellisten lis\u00e4ksi:<br>Saajan osoite:<\/strong><br>L\u00e4hetysyhdistys Seimi ry,<br>Jouhtenentie 254<br>86300 OULAINEN<br><strong>Pankin osoite:<\/strong><br>Suomensel\u00e4n osuuspankki,<br>Oulaisten konttori<br>Keskuskatu 7,<br>86300 OULAINEN<\/em><\/p>\n\n\n\n<p><strong><mark style=\"background-color:rgba(0, 0, 0, 0)\" class=\"has-inline-color has-red-color\">L\u00c4HEYSYHDISTYS SEIMI ry:n PYSYV\u00c4 RAHANKER\u00c4YSLUPA<\/mark><\/strong><br><strong>Poliisihallituksen lupanumero: RA\/2025\/1207<\/strong>&nbsp;<br>Lahjoitetut varat ohjataan kuhunkin k\u00e4ytt\u00f6kohteeseen viitenumerolla. Ja L\u00e4hetysyhdistys Seimi ryn hallitus tekee viitenumeron mukaisesti ohjattujen varojen k\u00e4yt\u00f6st\u00e4 p\u00e4\u00e4t\u00f6kset akuuteimman tarpeen periaatteen mukaisesti.<\/p>\n\n\n\n<p><br><em>&#8221;Varoja k\u00e4ytet\u00e4\u00e4n Suomessa ja ulkomailla teht\u00e4v\u00e4\u00e4n l\u00e4hetysty\u00f6h\u00f6n,<br>kuten esimerkiksi vankila- ja katulapsity\u00f6h\u00f6n. Varoilla hankitaan<br>avustustarvikkeita, kuten esimerkiksi ruokaa, vaatteita ja tarvikkeita<br>jaettavaksi avustuskohteessa apua tarvitseville sek\u00e4 katetaan<br>avustettavien terveydenhuoltoon liittyvi\u00e4 kustannuksia. Varoilla voidaan<br>kattaa l\u00e4hetyskohteisiin liittyvi\u00e4 matka-, ajoneuvo- ja palkkakustannuksia<br>sek\u00e4 irtaimen omaisuuden ja kiinteist\u00f6jen hankintaan, vuokraukseen tai<br>yll\u00e4pitoon liittyvi\u00e4 kustannuksia enint\u00e4\u00e4n niilt\u00e4 osin, kuin ne liittyv\u00e4t<br>yksinomaan yleishy\u00f6dylliseen k\u00e4ytt\u00f6tarkoitukseen. Varoilla voidaan<br>toteuttaa Suomessa koulutuksia, kattaa maksutta jaettavien kirjojen<br>kustannuksia, sek\u00e4 j\u00e4rjest\u00e4\u00e4 hengellisi\u00e4 tilaisuuksia ja maksaa niiden<br>j\u00e4rjest\u00e4miseen liittyvi\u00e4 kustannuksia. Yhdistys voi lis\u00e4ksi my\u00f6nt\u00e4\u00e4<br>avustuksia tai stipendej\u00e4 l\u00e4hetyskohteissa teht\u00e4v\u00e4\u00e4 harjoittelua tai ty\u00f6t\u00e4<br>varten.&#8221;<\/em><br><\/p>\n\n\n\n<figure class=\"wp-block-image size-large\"><img loading=\"lazy\" decoding=\"async\" width=\"1024\" height=\"216\" src=\"https:\/\/www.lahetysyhdistysseimi.fi\/wp-content\/uploads\/2026\/02\/image-16-1024x216.png\" alt=\"\" class=\"wp-image-745\" srcset=\"https:\/\/www.lahetysyhdistysseimi.fi\/wp-content\/uploads\/2026\/02\/image-16-1024x216.png 1024w, https:\/\/www.lahetysyhdistysseimi.fi\/wp-content\/uploads\/2026\/02\/image-16-300x63.png 300w, https:\/\/www.lahetysyhdistysseimi.fi\/wp-content\/uploads\/2026\/02\/image-16-768x162.png 768w, https:\/\/www.lahetysyhdistysseimi.fi\/wp-content\/uploads\/2026\/02\/image-16-1536x324.png 1536w, https:\/\/www.lahetysyhdistysseimi.fi\/wp-content\/uploads\/2026\/02\/image-16.png 1566w\" sizes=\"auto, (max-width: 1024px) 100vw, 1024px\" \/><\/figure>\n","protected":false},"excerpt":{"rendered":"<p>HALUATKO TUKEA KATULAPSITY\u00d6T\u00c4 PAPUA UUDESSA GUINEASSAPankkitili: FI94 531301 20 189478Saaja: L\u00e4hetysyhdistys Seimi ryViitenumero: 3667 L\u00c4HETYSTY\u00d6MOBILEPAY: 22303 Valitse Mobilepayst\u00e4; L\u00e4hetysty\u00f6 PUG (Papua Uusi Guinea) ULKOMAILTA TULEVAT MAKSUT:Eu:n sis\u00e4lt\u00e4:Tilinro: FI9453130120189478Bic-koodi: OKOYFIHHSaaja: L\u00e4hetysyhdistys Seimi ryEu:n ulkopuolelta, edellisten lis\u00e4ksi:Saajan osoite:L\u00e4hetysyhdistys Seimi ry,Jouhtenentie 25486300 OULAINENPankin osoite:Suomensel\u00e4n osuuspankki,Oulaisten konttoriKeskuskatu 7,86300 OULAINEN L\u00c4HEYSYHDISTYS SEIMI ry:n PYSYV\u00c4 RAHANKER\u00c4YSLUPAPoliisihallituksen lupanumero: RA\/2025\/1207&nbsp;Lahjoitetut varat ohjataan kuhunkin &hellip; <a href=\"https:\/\/www.lahetysyhdistysseimi.fi\/index.php\/katulapsilahetyksen-tuki\/\" class=\"more-link\">Jatka lukemista <span class=\"screen-reader-text\">KATULAPSIL\u00c4HETYKSEN TUKI<\/span> <span class=\"meta-nav\">&rarr;<\/span><\/a><\/p>\n","protected":false},"author":1,"featured_media":0,"parent":0,"menu_order":0,"comment_status":"closed","ping_status":"closed","template":"","meta":{"footnotes":""},"class_list":["post-621","page","type-page","status-publish","hentry"],"_links":{"self":[{"href":"https:\/\/www.lahetysyhdistysseimi.fi\/index.php\/wp-json\/wp\/v2\/pages\/621","targetHints":{"allow":["GET"]}}],"collection":[{"href":"https:\/\/www.lahetysyhdistysseimi.fi\/index.php\/wp-json\/wp\/v2\/pages"}],"about":[{"href":"https:\/\/www.lahetysyhdistysseimi.fi\/index.php\/wp-json\/wp\/v2\/types\/page"}],"author":[{"embeddable":true,"href":"https:\/\/www.lahetysyhdistysseimi.fi\/index.php\/wp-json\/wp\/v2\/users\/1"}],"replies":[{"embeddable":true,"href":"https:\/\/www.lahetysyhdistysseimi.fi\/index.php\/wp-json\/wp\/v2\/comments?post=621"}],"version-history":[{"count":7,"href":"https:\/\/www.lahetysyhdistysseimi.fi\/index.php\/wp-json\/wp\/v2\/pages\/621\/revisions"}],"predecessor-version":[{"id":922,"href":"https:\/\/www.lahetysyhdistysseimi.fi\/index.php\/wp-json\/wp\/v2\/pages\/621\/revisions\/922"}],"wp:attachment":[{"href":"https:\/\/www.lahetysyhdistysseimi.fi\/index.php\/wp-json\/wp\/v2\/media?parent=621"}],"curies":[{"name":"wp","href":"https:\/\/api.w.org\/{rel}","templated":true}]}}