{"id":42,"date":"2026-02-03T16:28:12","date_gmt":"2026-02-03T16:28:12","guid":{"rendered":"http:\/\/31.217.196.115\/~ztdcokoq\/?page_id=42"},"modified":"2026-02-07T16:31:11","modified_gmt":"2026-02-07T16:31:11","slug":"ylistys-hengellinen-musiikki","status":"publish","type":"page","link":"https:\/\/www.lahetysyhdistysseimi.fi\/index.php\/ylistys-hengellinen-musiikki\/","title":{"rendered":"Ylistys, hengellinen musiikki"},"content":{"rendered":"\n<p><\/p>\n\n\n\n<p><strong><mark style=\"background-color:rgba(0, 0, 0, 0)\" class=\"has-inline-color has-red-color\">HALUATKO TUKEA YLISTYKSEN JA MUSIIKIN KEINOIN<\/mark><\/strong><br><strong><mark style=\"background-color:rgba(0, 0, 0, 0)\" class=\"has-inline-color has-red-color\">TEHT\u00c4V\u00c4\u00c4 L\u00c4HETYSTY\u00d6T\u00c4<\/mark><\/strong><br><strong>Pankkitili: FI94 531301 20 189478<br>Saaja: L\u00e4hetysyhdistys Seimi ry<br>Viitenumerot:<br>3447 YLISTYS<\/strong><br><em>L\u00e4hetysyhdistys Seimi ry:n hallitus p\u00e4\u00e4tt\u00e4\u00e4 kokouksessaan ker\u00e4ttyjen varojen k\u00e4ytt\u00e4misest\u00e4 akuuteimman tarpeen periaatteen mukaisesti.<\/em><br><s><strong>MOBILEPAY: 22303<\/strong><br>Valitse Mobilepayst\u00e4 haluamasi tuen kohde:<br>L\u00e4hetysty\u00f6 PUG (Papua Uusi Guinea), Julkaisutoiminta tai Yleinen tuki,<br>jolloin lahjoituksesi ohjautuu n\u00e4ihin kohteisiin.<\/s><\/p>\n\n\n\n<p><strong><mark style=\"background-color:rgba(0, 0, 0, 0)\" class=\"has-inline-color has-red-color\">ULKOMAILTA TULEVAT MAKSUT:<\/mark><\/strong><br><strong>Eu:n sis\u00e4lt\u00e4:<\/strong><br>Tilinro: FI9453130120189478<br>Bic-koodi: OKOYFIHH<br>Saaja: L\u00e4hetysyhdistys Seimi ry<\/p>\n\n\n\n<p><strong><mark style=\"background-color:rgba(0, 0, 0, 0)\" class=\"has-inline-color has-red-color\">Eu:n ulkopuolelta, edellisten lis\u00e4ksi:<\/mark><br>Saajan osoite:<\/strong><br>L\u00e4hetysyhdistys Seimi ry,<br>Jouhtenentie 254<br>86300 OULAINEN<br><strong>Pankin osoite:<\/strong><br>Suomensel\u00e4n osuuspankki,<br>Oulaisten konttori<br>Keskuskatu 7,<br>86300 OULAINEN<\/p>\n\n\n\n<p><strong><mark style=\"background-color:rgba(0, 0, 0, 0)\" class=\"has-inline-color has-red-color\">L\u00c4HETYSYHDISTYS SEIMI ry:n PYSYV\u00c4 RAHANKER\u00c4YSLUPA<\/mark><\/strong><br><strong>Poliisihallituksen lupanumero: RA\/2025\/1207<\/strong><br>Ker\u00e4tyt varat k\u00e4ytet\u00e4\u00e4n:<br><mark style=\"background-color:#fbca3c\" class=\"has-inline-color\">L\u00e4hetysty\u00f6n kustannukset Suomessa ja ulkomailla:<br>\u2022 Yhdistyksen omien l\u00e4hettien tarpeet ja l\u00e4hett\u00e4misen kustannukset esim. lentoliput, asuminen, toimeentulo l\u00e4hetyskohteessa.<\/mark> esim. Papua Uusi Guinea.<br>\u2022 Toimitetaan rahalahjoituksia l\u00e4hetyskohteisiin Suomessa ja ulkomailla<br>\u2022 Toimitetaan tavaralahjoituksia l\u00e4hetyskohteisiin Suomessa ja ulkomailla<br>Hyv\u00e4ntekev\u00e4isyyteen ja kehitysapuun hallituksen erikseen valitsemiin kohteisiin.<br>\u2013 Yhdistyksen toiminnan yll\u00e4pit\u00e4misen kustannukset Suomessa ja l\u00e4hetyskohteissa. esim. palkat, vuokrat, hallinnon j\u00e4rjest\u00e4minen<br>\u2013 Yhdistyksen toiminnan kannalta tarpeellisten irtaimen ja kiinte\u00e4n omaisuuden hankkimiseen Suomessa ja l\u00e4hetyskohteissa ulkomailla. esim. maa-alue, rakennukset, auto<br><mark style=\"background-color:#fbca3c\" class=\"has-inline-color\">\u2013 Hengellisten tilaisuuksien j\u00e4rjest\u00e4misen kustannukset Suomessa ja l\u00e4hetyskohteissa<\/mark><br><mark style=\"background-color:#fbca3c\" class=\"has-inline-color\">\u2013 J\u00e4senten koulutuksiin, jotka hallitus katsoo edist\u00e4v\u00e4n yhdistyksen toimintaa<br>\u2013 Kirjojen, tiedotteiden, esitteiden, \u00e4\u00e4nitteiden ja muun hengellisen materiaalin julkaisemiseen<\/mark><br><mark style=\"background-color:#fbca3c\" class=\"has-inline-color\">\u2013 J\u00e4senten toteuttamien, yhdistyksen s\u00e4\u00e4nt\u00f6jen mukaisen toiminnan, matkojen kustannuksiin.<\/mark><\/p>\n\n\n\n<p><\/p>\n","protected":false},"excerpt":{"rendered":"<p>HALUATKO TUKEA YLISTYKSEN JA MUSIIKIN KEINOINTEHT\u00c4V\u00c4\u00c4 L\u00c4HETYSTY\u00d6T\u00c4Pankkitili: FI94 531301 20 189478Saaja: L\u00e4hetysyhdistys Seimi ryViitenumerot:3447 YLISTYSL\u00e4hetysyhdistys Seimi ry:n hallitus p\u00e4\u00e4tt\u00e4\u00e4 kokouksessaan ker\u00e4ttyjen varojen k\u00e4ytt\u00e4misest\u00e4 akuuteimman tarpeen periaatteen mukaisesti.MOBILEPAY: 22303Valitse Mobilepayst\u00e4 haluamasi tuen kohde:L\u00e4hetysty\u00f6 PUG (Papua Uusi Guinea), Julkaisutoiminta tai Yleinen tuki,jolloin lahjoituksesi ohjautuu n\u00e4ihin kohteisiin. ULKOMAILTA TULEVAT MAKSUT:Eu:n sis\u00e4lt\u00e4:Tilinro: FI9453130120189478Bic-koodi: OKOYFIHHSaaja: L\u00e4hetysyhdistys Seimi ry Eu:n ulkopuolelta, &hellip; <a href=\"https:\/\/www.lahetysyhdistysseimi.fi\/index.php\/ylistys-hengellinen-musiikki\/\" class=\"more-link\">Jatka lukemista <span class=\"screen-reader-text\">Ylistys, hengellinen musiikki<\/span> <span class=\"meta-nav\">&rarr;<\/span><\/a><\/p>\n","protected":false},"author":1,"featured_media":0,"parent":0,"menu_order":0,"comment_status":"closed","ping_status":"closed","template":"","meta":{"footnotes":""},"class_list":["post-42","page","type-page","status-publish","hentry"],"_links":{"self":[{"href":"https:\/\/www.lahetysyhdistysseimi.fi\/index.php\/wp-json\/wp\/v2\/pages\/42","targetHints":{"allow":["GET"]}}],"collection":[{"href":"https:\/\/www.lahetysyhdistysseimi.fi\/index.php\/wp-json\/wp\/v2\/pages"}],"about":[{"href":"https:\/\/www.lahetysyhdistysseimi.fi\/index.php\/wp-json\/wp\/v2\/types\/page"}],"author":[{"embeddable":true,"href":"https:\/\/www.lahetysyhdistysseimi.fi\/index.php\/wp-json\/wp\/v2\/users\/1"}],"replies":[{"embeddable":true,"href":"https:\/\/www.lahetysyhdistysseimi.fi\/index.php\/wp-json\/wp\/v2\/comments?post=42"}],"version-history":[{"count":4,"href":"https:\/\/www.lahetysyhdistysseimi.fi\/index.php\/wp-json\/wp\/v2\/pages\/42\/revisions"}],"predecessor-version":[{"id":628,"href":"https:\/\/www.lahetysyhdistysseimi.fi\/index.php\/wp-json\/wp\/v2\/pages\/42\/revisions\/628"}],"wp:attachment":[{"href":"https:\/\/www.lahetysyhdistysseimi.fi\/index.php\/wp-json\/wp\/v2\/media?parent=42"}],"curies":[{"name":"wp","href":"https:\/\/api.w.org\/{rel}","templated":true}]}}