{"id":40,"date":"2026-02-03T16:28:12","date_gmt":"2026-02-03T16:28:12","guid":{"rendered":"http:\/\/31.217.196.115\/~ztdcokoq\/?page_id=40"},"modified":"2026-03-10T05:40:46","modified_gmt":"2026-03-10T05:40:46","slug":"yhdistys","status":"publish","type":"page","link":"https:\/\/www.lahetysyhdistysseimi.fi\/","title":{"rendered":"L\u00e4hetysyhdistys Seimi ry"},"content":{"rendered":"\n<div class=\"wp-block-media-text is-stacked-on-mobile\" style=\"grid-template-columns:32% auto\"><figure class=\"wp-block-media-text__media\"><img loading=\"lazy\" decoding=\"async\" width=\"400\" height=\"409\" src=\"https:\/\/www.lahetysyhdistysseimi.fi\/wp-content\/uploads\/2026\/02\/image-14.png\" alt=\"\" class=\"wp-image-720 size-full\" srcset=\"https:\/\/www.lahetysyhdistysseimi.fi\/wp-content\/uploads\/2026\/02\/image-14.png 400w, https:\/\/www.lahetysyhdistysseimi.fi\/wp-content\/uploads\/2026\/02\/image-14-293x300.png 293w\" sizes=\"auto, (max-width: 400px) 100vw, 400px\" \/><\/figure><div class=\"wp-block-media-text__content\">\n<p>L\u00e4hetysyhdistys Seimi on Oulaisissa toimiva aatteellinen yhdistys, jonka arvopohjana on Kristillisyys. Toivotamme sinut tervetulleeksi toimintaamme mukaan ilman seurakuntarajoja. Uskomme, ett\u00e4 Jumala haluaa, ett\u00e4 uudesti syntyneet Jeesuksen omat kokoontuvat yhteen niin, ett\u00e4 jokaisella on jotain annettavaa. Jokainen on saanut my\u00f6s omanlaisensa kutsun Jumalalta ja haluamme rohkaista jokaista l\u00f6yt\u00e4m\u00e4\u00e4n oman teht\u00e4v\u00e4ns\u00e4 Jumalan valtakunnassa. Uskovien yhteys ei tunne ihmisten asettamia rajoja, vaan olemme saman ruumiin j\u00e4seni\u00e4. Tarvitsemme toinen toistamme.<\/p>\n\n\n\n<p><\/p>\n<\/div><\/div>\n\n\n\n<figure class=\"wp-block-image size-full is-resized\"><img loading=\"lazy\" decoding=\"async\" width=\"613\" height=\"330\" src=\"https:\/\/www.lahetysyhdistysseimi.fi\/wp-content\/uploads\/2026\/02\/image-3.png\" alt=\"\" class=\"wp-image-522\" style=\"width:351px;height:auto\" srcset=\"https:\/\/www.lahetysyhdistysseimi.fi\/wp-content\/uploads\/2026\/02\/image-3.png 613w, https:\/\/www.lahetysyhdistysseimi.fi\/wp-content\/uploads\/2026\/02\/image-3-300x162.png 300w\" sizes=\"auto, (max-width: 613px) 100vw, 613px\" \/><\/figure>\n\n\n\n<p><strong><mark style=\"background-color:rgba(0, 0, 0, 0)\" class=\"has-inline-color has-red-color\">L\u00c4HETYSYHDISTYS SEIMEN TOIMINNAN TARKOITUS<\/mark><\/strong><mark style=\"background-color:rgba(0, 0, 0, 0)\" class=\"has-inline-color has-red-color\">, yhdistyksen s\u00e4\u00e4nn\u00f6t<\/mark><br>Yhdistyksen tarkoituksena on toimia Raamatullisella pohjalla ja julistaa evankeliumia. Yhdistyksen toimintamuodot kaikkialla maailmassa:<br>Tehd\u00e4 l\u00e4hetysty\u00f6t\u00e4, harjoittaa hyv\u00e4ntekev\u00e4isyytt\u00e4 ja kehitysapua, j\u00e4rjest\u00e4\u00e4 hengellisi\u00e4 tilaisuuksia, harjoittaa tiedotus- ja valistustoimintaa sek\u00e4 harjoittaa alaan liittyv\u00e4\u00e4 julkaisutoimintaa.&nbsp;<\/p>\n\n\n\n<p>Tarkoituksensa toteuttamiseksi yhdistys voi toimintansa tukemiseksi:<br>* J\u00e4rjest\u00e4\u00e4 rahanker\u00e4yksi\u00e4 ja arpajaisia, hankittuaan ensin tarvittaessa viranomaisluvat <br>* J\u00e4rjest\u00e4\u00e4 myyj\u00e4isi\u00e4<br>* Ottaa vastaan rahallisia ja aineellisia lahjoituksia, testamentteja ja avustuksia<br>* Ker\u00e4t\u00e4 avustustavaraa<br>* Omistaa kiinte\u00e4\u00e4 ja irtainta omaisuutta<br>* Tukea j\u00e4sentens\u00e4 l\u00e4hetysty\u00f6t\u00e4 ulkomailla<br>* Ottaa palvelukseensa henkil\u00f6it\u00e4<\/p>\n\n\n\n<p><strong><mark style=\"background-color:rgba(0, 0, 0, 0)\" class=\"has-inline-color has-red-color\">SEIMEN HALLITUS<\/mark><\/strong><br>Heli Somero, pj.<br>Esko Somero, varapj.<br>Vesa Yrttiaho, siht.<br>Olli Kukkonen, rahastonhoit.<br>Tiina Kukkonen, j\u00e4sen<br>Jaana Yrttiaho, j\u00e4sen<\/p>\n","protected":false},"excerpt":{"rendered":"<p>L\u00e4hetysyhdistys Seimi on Oulaisissa toimiva aatteellinen yhdistys, jonka arvopohjana on Kristillisyys. Toivotamme sinut tervetulleeksi toimintaamme mukaan ilman seurakuntarajoja. Uskomme, ett\u00e4 Jumala haluaa, ett\u00e4 uudesti syntyneet Jeesuksen omat kokoontuvat yhteen niin, ett\u00e4 jokaisella on jotain annettavaa. Jokainen on saanut my\u00f6s omanlaisensa kutsun Jumalalta ja haluamme rohkaista jokaista l\u00f6yt\u00e4m\u00e4\u00e4n oman teht\u00e4v\u00e4ns\u00e4 Jumalan valtakunnassa. Uskovien yhteys ei tunne &hellip; <a href=\"https:\/\/www.lahetysyhdistysseimi.fi\/\" class=\"more-link\">Jatka lukemista <span class=\"screen-reader-text\">L\u00e4hetysyhdistys Seimi ry<\/span> <span class=\"meta-nav\">&rarr;<\/span><\/a><\/p>\n","protected":false},"author":1,"featured_media":522,"parent":0,"menu_order":0,"comment_status":"closed","ping_status":"closed","template":"","meta":{"footnotes":""},"class_list":["post-40","page","type-page","status-publish","has-post-thumbnail","hentry"],"_links":{"self":[{"href":"https:\/\/www.lahetysyhdistysseimi.fi\/index.php\/wp-json\/wp\/v2\/pages\/40","targetHints":{"allow":["GET"]}}],"collection":[{"href":"https:\/\/www.lahetysyhdistysseimi.fi\/index.php\/wp-json\/wp\/v2\/pages"}],"about":[{"href":"https:\/\/www.lahetysyhdistysseimi.fi\/index.php\/wp-json\/wp\/v2\/types\/page"}],"author":[{"embeddable":true,"href":"https:\/\/www.lahetysyhdistysseimi.fi\/index.php\/wp-json\/wp\/v2\/users\/1"}],"replies":[{"embeddable":true,"href":"https:\/\/www.lahetysyhdistysseimi.fi\/index.php\/wp-json\/wp\/v2\/comments?post=40"}],"version-history":[{"count":23,"href":"https:\/\/www.lahetysyhdistysseimi.fi\/index.php\/wp-json\/wp\/v2\/pages\/40\/revisions"}],"predecessor-version":[{"id":900,"href":"https:\/\/www.lahetysyhdistysseimi.fi\/index.php\/wp-json\/wp\/v2\/pages\/40\/revisions\/900"}],"wp:featuredmedia":[{"embeddable":true,"href":"https:\/\/www.lahetysyhdistysseimi.fi\/index.php\/wp-json\/wp\/v2\/media\/522"}],"wp:attachment":[{"href":"https:\/\/www.lahetysyhdistysseimi.fi\/index.php\/wp-json\/wp\/v2\/media?parent=40"}],"curies":[{"name":"wp","href":"https:\/\/api.w.org\/{rel}","templated":true}]}}