{"id":340,"date":"2026-02-07T10:25:25","date_gmt":"2026-02-07T10:25:25","guid":{"rendered":"https:\/\/www.lahetysyhdistysseimi.fi\/?page_id=340"},"modified":"2026-02-07T12:40:08","modified_gmt":"2026-02-07T12:40:08","slug":"jorma-ja-eila-finnila","status":"publish","type":"page","link":"https:\/\/www.lahetysyhdistysseimi.fi\/index.php\/jorma-ja-eila-finnila\/","title":{"rendered":"Jorma ja Eila Finnil\u00e4"},"content":{"rendered":"\n<p>Jorma ja Eila ovat aloittaneet l\u00e4hetysty\u00f6n Papua Uudessa Guineassa vuonna 1975 ja heid\u00e4n ty\u00f6ns\u00e4 tuloksena on sinne syntynyt Finnish pentecostal church of Papua New Guinea seurakunta verkosto, joka kattaa t\u00e4ll\u00e4 hetkell\u00e4 suuren osan Papua Uutta Guineaa.<\/p>\n\n\n\n<p>Jorman ja Eilan perustama l\u00e4hetysasema sijaitsee Mendiss\u00e4 Southern Higlandin provinssin p\u00e4\u00e4kaupungissa. L\u00e4hetysasemalla toimii seurakunta, Raamattukoulu ja majatalo. <\/p>\n\n\n\n<p>Jorma ja Eila ovat t\u00e4rke\u00e4ss\u00e4 roolissa katulapsity\u00f6ss\u00e4 ja L\u00e4hetysyhdistys Seimi ry tekee tiivist\u00e4 yhteisyt\u00f6t\u00e4 heid\u00e4n kanssaan. Heill\u00e4 on pitk\u00e4 kokemus Papua Uuden Guinean kulttuurista ja toimintatavoista. Finnish pentecostal church of Papua New Guinean perustaja l\u00e4hetyssaarnaajina he my\u00f6s l\u00f6yt\u00e4v\u00e4t paikallisia tekij\u00f6it\u00e4 esimerkiksi rakennust\u00f6ihin.<\/p>\n\n\n\n<p>Jorma ja Eila toimivat l\u00e4hetyssaarnaajina koko Papua Uuden Guinean alueella ja osallistuvat katulapsity\u00f6h\u00f6n muiden t\u00f6idens\u00e4 ohella.<\/p>\n\n\n\n<figure class=\"wp-block-gallery has-nested-images columns-default is-cropped wp-block-gallery-1 is-layout-flex wp-block-gallery-is-layout-flex\"><\/figure>\n\n\n\n<figure class=\"wp-block-gallery has-nested-images columns-default is-cropped wp-block-gallery-2 is-layout-flex wp-block-gallery-is-layout-flex\">\n<figure class=\"wp-block-image size-large\"><img loading=\"lazy\" decoding=\"async\" width=\"1024\" height=\"768\" data-id=\"466\" src=\"https:\/\/www.lahetysyhdistysseimi.fi\/wp-content\/uploads\/2026\/02\/IMG-20251004-WA00161-1024x768.jpg\" alt=\"\" class=\"wp-image-466\" srcset=\"https:\/\/www.lahetysyhdistysseimi.fi\/wp-content\/uploads\/2026\/02\/IMG-20251004-WA00161-1024x768.jpg 1024w, https:\/\/www.lahetysyhdistysseimi.fi\/wp-content\/uploads\/2026\/02\/IMG-20251004-WA00161-300x225.jpg 300w, https:\/\/www.lahetysyhdistysseimi.fi\/wp-content\/uploads\/2026\/02\/IMG-20251004-WA00161-768x576.jpg 768w, https:\/\/www.lahetysyhdistysseimi.fi\/wp-content\/uploads\/2026\/02\/IMG-20251004-WA00161-1536x1152.jpg 1536w, https:\/\/www.lahetysyhdistysseimi.fi\/wp-content\/uploads\/2026\/02\/IMG-20251004-WA00161.jpg 1600w\" sizes=\"auto, (max-width: 1024px) 100vw, 1024px\" \/><\/figure>\n\n\n\n<figure class=\"wp-block-image size-large\"><img loading=\"lazy\" decoding=\"async\" width=\"768\" height=\"1024\" data-id=\"409\" src=\"https:\/\/www.lahetysyhdistysseimi.fi\/wp-content\/uploads\/2026\/02\/FB_IMG_1761296283637-768x1024.jpg\" alt=\"\" class=\"wp-image-409\" srcset=\"https:\/\/www.lahetysyhdistysseimi.fi\/wp-content\/uploads\/2026\/02\/FB_IMG_1761296283637-768x1024.jpg 768w, https:\/\/www.lahetysyhdistysseimi.fi\/wp-content\/uploads\/2026\/02\/FB_IMG_1761296283637-225x300.jpg 225w, https:\/\/www.lahetysyhdistysseimi.fi\/wp-content\/uploads\/2026\/02\/FB_IMG_1761296283637.jpg 867w\" sizes=\"auto, (max-width: 768px) 100vw, 768px\" \/><\/figure>\n\n\n\n<figure class=\"wp-block-image size-large\"><img loading=\"lazy\" decoding=\"async\" width=\"765\" height=\"1020\" data-id=\"462\" src=\"https:\/\/www.lahetysyhdistysseimi.fi\/wp-content\/uploads\/2026\/02\/IMG-20251129-WA0011.jpg\" alt=\"\" class=\"wp-image-462\" srcset=\"https:\/\/www.lahetysyhdistysseimi.fi\/wp-content\/uploads\/2026\/02\/IMG-20251129-WA0011.jpg 765w, https:\/\/www.lahetysyhdistysseimi.fi\/wp-content\/uploads\/2026\/02\/IMG-20251129-WA0011-225x300.jpg 225w\" sizes=\"auto, (max-width: 765px) 100vw, 765px\" \/><\/figure>\n\n\n\n<figure class=\"wp-block-image size-large\"><img loading=\"lazy\" decoding=\"async\" width=\"1020\" height=\"765\" data-id=\"463\" src=\"https:\/\/www.lahetysyhdistysseimi.fi\/wp-content\/uploads\/2026\/02\/IMG-20251129-WA0014.jpg\" alt=\"\" class=\"wp-image-463\" srcset=\"https:\/\/www.lahetysyhdistysseimi.fi\/wp-content\/uploads\/2026\/02\/IMG-20251129-WA0014.jpg 1020w, https:\/\/www.lahetysyhdistysseimi.fi\/wp-content\/uploads\/2026\/02\/IMG-20251129-WA0014-300x225.jpg 300w, https:\/\/www.lahetysyhdistysseimi.fi\/wp-content\/uploads\/2026\/02\/IMG-20251129-WA0014-768x576.jpg 768w\" sizes=\"auto, (max-width: 1020px) 100vw, 1020px\" \/><\/figure>\n\n\n\n<figure class=\"wp-block-image size-large\"><img loading=\"lazy\" decoding=\"async\" width=\"1024\" height=\"768\" data-id=\"400\" src=\"https:\/\/www.lahetysyhdistysseimi.fi\/wp-content\/uploads\/2026\/02\/IMG-20260204-WA0004-1024x768.jpg\" alt=\"\" class=\"wp-image-400\" srcset=\"https:\/\/www.lahetysyhdistysseimi.fi\/wp-content\/uploads\/2026\/02\/IMG-20260204-WA0004-1024x768.jpg 1024w, https:\/\/www.lahetysyhdistysseimi.fi\/wp-content\/uploads\/2026\/02\/IMG-20260204-WA0004-300x225.jpg 300w, https:\/\/www.lahetysyhdistysseimi.fi\/wp-content\/uploads\/2026\/02\/IMG-20260204-WA0004-768x576.jpg 768w, https:\/\/www.lahetysyhdistysseimi.fi\/wp-content\/uploads\/2026\/02\/IMG-20260204-WA0004-1536x1152.jpg 1536w, https:\/\/www.lahetysyhdistysseimi.fi\/wp-content\/uploads\/2026\/02\/IMG-20260204-WA0004.jpg 2000w\" sizes=\"auto, (max-width: 1024px) 100vw, 1024px\" \/><\/figure>\n\n\n\n<figure class=\"wp-block-image size-large\"><img loading=\"lazy\" decoding=\"async\" width=\"768\" height=\"1024\" data-id=\"417\" src=\"https:\/\/www.lahetysyhdistysseimi.fi\/wp-content\/uploads\/2026\/02\/Screenshot_20251120_085751_WhatsApp-768x1024.jpg\" alt=\"\" class=\"wp-image-417\" srcset=\"https:\/\/www.lahetysyhdistysseimi.fi\/wp-content\/uploads\/2026\/02\/Screenshot_20251120_085751_WhatsApp-768x1024.jpg 768w, https:\/\/www.lahetysyhdistysseimi.fi\/wp-content\/uploads\/2026\/02\/Screenshot_20251120_085751_WhatsApp-225x300.jpg 225w, https:\/\/www.lahetysyhdistysseimi.fi\/wp-content\/uploads\/2026\/02\/Screenshot_20251120_085751_WhatsApp.jpg 1079w\" sizes=\"auto, (max-width: 768px) 100vw, 768px\" \/><\/figure>\n\n\n\n<figure class=\"wp-block-image size-large\"><img loading=\"lazy\" decoding=\"async\" width=\"1020\" height=\"765\" data-id=\"375\" src=\"https:\/\/www.lahetysyhdistysseimi.fi\/wp-content\/uploads\/2026\/02\/IMG-20251120-WA0017.jpg\" alt=\"\" class=\"wp-image-375\" srcset=\"https:\/\/www.lahetysyhdistysseimi.fi\/wp-content\/uploads\/2026\/02\/IMG-20251120-WA0017.jpg 1020w, https:\/\/www.lahetysyhdistysseimi.fi\/wp-content\/uploads\/2026\/02\/IMG-20251120-WA0017-300x225.jpg 300w, https:\/\/www.lahetysyhdistysseimi.fi\/wp-content\/uploads\/2026\/02\/IMG-20251120-WA0017-768x576.jpg 768w\" sizes=\"auto, (max-width: 1020px) 100vw, 1020px\" \/><\/figure>\n\n\n\n<figure class=\"wp-block-image size-large\"><img loading=\"lazy\" decoding=\"async\" width=\"1024\" height=\"577\" data-id=\"424\" src=\"https:\/\/www.lahetysyhdistysseimi.fi\/wp-content\/uploads\/2026\/02\/Messenger_creation_490A8B70-C05F-4C8E-AA21-3CFD661550C6-1-1024x577.jpeg\" alt=\"\" class=\"wp-image-424\" srcset=\"https:\/\/www.lahetysyhdistysseimi.fi\/wp-content\/uploads\/2026\/02\/Messenger_creation_490A8B70-C05F-4C8E-AA21-3CFD661550C6-1-1024x577.jpeg 1024w, https:\/\/www.lahetysyhdistysseimi.fi\/wp-content\/uploads\/2026\/02\/Messenger_creation_490A8B70-C05F-4C8E-AA21-3CFD661550C6-1-300x169.jpeg 300w, https:\/\/www.lahetysyhdistysseimi.fi\/wp-content\/uploads\/2026\/02\/Messenger_creation_490A8B70-C05F-4C8E-AA21-3CFD661550C6-1-768x432.jpeg 768w, https:\/\/www.lahetysyhdistysseimi.fi\/wp-content\/uploads\/2026\/02\/Messenger_creation_490A8B70-C05F-4C8E-AA21-3CFD661550C6-1-1536x865.jpeg 1536w, https:\/\/www.lahetysyhdistysseimi.fi\/wp-content\/uploads\/2026\/02\/Messenger_creation_490A8B70-C05F-4C8E-AA21-3CFD661550C6-1.jpeg 2048w\" sizes=\"auto, (max-width: 1024px) 100vw, 1024px\" \/><\/figure>\n<\/figure>\n","protected":false},"excerpt":{"rendered":"<p>Jorma ja Eila ovat aloittaneet l\u00e4hetysty\u00f6n Papua Uudessa Guineassa vuonna 1975 ja heid\u00e4n ty\u00f6ns\u00e4 tuloksena on sinne syntynyt Finnish pentecostal church of Papua New Guinea seurakunta verkosto, joka kattaa t\u00e4ll\u00e4 hetkell\u00e4 suuren osan Papua Uutta Guineaa. Jorman ja Eilan perustama l\u00e4hetysasema sijaitsee Mendiss\u00e4 Southern Higlandin provinssin p\u00e4\u00e4kaupungissa. L\u00e4hetysasemalla toimii seurakunta, Raamattukoulu ja majatalo. Jorma ja &hellip; <a href=\"https:\/\/www.lahetysyhdistysseimi.fi\/index.php\/jorma-ja-eila-finnila\/\" class=\"more-link\">Jatka lukemista <span class=\"screen-reader-text\">Jorma ja Eila Finnil\u00e4<\/span> <span class=\"meta-nav\">&rarr;<\/span><\/a><\/p>\n","protected":false},"author":1,"featured_media":424,"parent":0,"menu_order":0,"comment_status":"closed","ping_status":"closed","template":"","meta":{"footnotes":""},"class_list":["post-340","page","type-page","status-publish","has-post-thumbnail","hentry"],"_links":{"self":[{"href":"https:\/\/www.lahetysyhdistysseimi.fi\/index.php\/wp-json\/wp\/v2\/pages\/340","targetHints":{"allow":["GET"]}}],"collection":[{"href":"https:\/\/www.lahetysyhdistysseimi.fi\/index.php\/wp-json\/wp\/v2\/pages"}],"about":[{"href":"https:\/\/www.lahetysyhdistysseimi.fi\/index.php\/wp-json\/wp\/v2\/types\/page"}],"author":[{"embeddable":true,"href":"https:\/\/www.lahetysyhdistysseimi.fi\/index.php\/wp-json\/wp\/v2\/users\/1"}],"replies":[{"embeddable":true,"href":"https:\/\/www.lahetysyhdistysseimi.fi\/index.php\/wp-json\/wp\/v2\/comments?post=340"}],"version-history":[{"count":9,"href":"https:\/\/www.lahetysyhdistysseimi.fi\/index.php\/wp-json\/wp\/v2\/pages\/340\/revisions"}],"predecessor-version":[{"id":516,"href":"https:\/\/www.lahetysyhdistysseimi.fi\/index.php\/wp-json\/wp\/v2\/pages\/340\/revisions\/516"}],"wp:featuredmedia":[{"embeddable":true,"href":"https:\/\/www.lahetysyhdistysseimi.fi\/index.php\/wp-json\/wp\/v2\/media\/424"}],"wp:attachment":[{"href":"https:\/\/www.lahetysyhdistysseimi.fi\/index.php\/wp-json\/wp\/v2\/media?parent=340"}],"curies":[{"name":"wp","href":"https:\/\/api.w.org\/{rel}","templated":true}]}}