{"id":311,"date":"2026-02-05T02:11:28","date_gmt":"2026-02-05T02:11:28","guid":{"rendered":"https:\/\/www.lahetysyhdistysseimi.fi\/?page_id=311"},"modified":"2026-02-07T10:56:34","modified_gmt":"2026-02-07T10:56:34","slug":"seimi-kokoontumistila","status":"publish","type":"page","link":"https:\/\/www.lahetysyhdistysseimi.fi\/index.php\/seimi-kokoontumistila\/","title":{"rendered":"SEIMI, kokoontumistila"},"content":{"rendered":"\n<p>L\u00e4hetysyhdistys Seimen kokoontumistila on rakennettu vanhaan navettaan. Kodinomainen pieni puoli toimii sielunhoito tilana sek\u00e4 pienempien tilaisuuksien j\u00e4rjest\u00e4miseen, sinne mahtuu noin 20 hl\u00f6\u00e4. Salin puolelle mahtuu noin 60 henkil\u00f6\u00e4. Kylmimmill\u00e4 talvikeleill\u00e4 iso puoli ei ole t\u00e4ll\u00e4 hetkell\u00e4 k\u00e4ytett\u00e4viss\u00e4. <\/p>\n\n\n\n<figure class=\"wp-block-image size-large is-style-rounded\"><img loading=\"lazy\" decoding=\"async\" width=\"768\" height=\"1024\" src=\"https:\/\/www.lahetysyhdistysseimi.fi\/wp-content\/uploads\/2026\/02\/IMG-20251130-WA0013-768x1024.jpg\" alt=\"\" class=\"wp-image-105\" srcset=\"https:\/\/www.lahetysyhdistysseimi.fi\/wp-content\/uploads\/2026\/02\/IMG-20251130-WA0013-768x1024.jpg 768w, https:\/\/www.lahetysyhdistysseimi.fi\/wp-content\/uploads\/2026\/02\/IMG-20251130-WA0013-225x300.jpg 225w, https:\/\/www.lahetysyhdistysseimi.fi\/wp-content\/uploads\/2026\/02\/IMG-20251130-WA0013-1152x1536.jpg 1152w, https:\/\/www.lahetysyhdistysseimi.fi\/wp-content\/uploads\/2026\/02\/IMG-20251130-WA0013.jpg 1200w\" sizes=\"auto, (max-width: 768px) 100vw, 768px\" \/><\/figure>\n\n\n\n<figure class=\"wp-block-image size-large\"><img loading=\"lazy\" decoding=\"async\" width=\"768\" height=\"1024\" src=\"https:\/\/www.lahetysyhdistysseimi.fi\/wp-content\/uploads\/2026\/02\/IMG-20251130-WA0029-768x1024.jpg\" alt=\"\" class=\"wp-image-108\" srcset=\"https:\/\/www.lahetysyhdistysseimi.fi\/wp-content\/uploads\/2026\/02\/IMG-20251130-WA0029-768x1024.jpg 768w, https:\/\/www.lahetysyhdistysseimi.fi\/wp-content\/uploads\/2026\/02\/IMG-20251130-WA0029-225x300.jpg 225w, https:\/\/www.lahetysyhdistysseimi.fi\/wp-content\/uploads\/2026\/02\/IMG-20251130-WA0029-1152x1536.jpg 1152w, https:\/\/www.lahetysyhdistysseimi.fi\/wp-content\/uploads\/2026\/02\/IMG-20251130-WA0029.jpg 1200w\" sizes=\"auto, (max-width: 768px) 100vw, 768px\" \/><\/figure>\n\n\n\n<figure class=\"wp-block-image size-large\"><img loading=\"lazy\" decoding=\"async\" width=\"768\" height=\"1024\" src=\"https:\/\/www.lahetysyhdistysseimi.fi\/wp-content\/uploads\/2026\/02\/IMG-20251130-WA0027-768x1024.jpg\" alt=\"\" class=\"wp-image-109\" srcset=\"https:\/\/www.lahetysyhdistysseimi.fi\/wp-content\/uploads\/2026\/02\/IMG-20251130-WA0027-768x1024.jpg 768w, https:\/\/www.lahetysyhdistysseimi.fi\/wp-content\/uploads\/2026\/02\/IMG-20251130-WA0027-225x300.jpg 225w, https:\/\/www.lahetysyhdistysseimi.fi\/wp-content\/uploads\/2026\/02\/IMG-20251130-WA0027-1152x1536.jpg 1152w, https:\/\/www.lahetysyhdistysseimi.fi\/wp-content\/uploads\/2026\/02\/IMG-20251130-WA0027.jpg 1200w\" sizes=\"auto, (max-width: 768px) 100vw, 768px\" \/><\/figure>\n\n\n\n<p><\/p>\n","protected":false},"excerpt":{"rendered":"<p>L\u00e4hetysyhdistys Seimen kokoontumistila on rakennettu vanhaan navettaan. Kodinomainen pieni puoli toimii sielunhoito tilana sek\u00e4 pienempien tilaisuuksien j\u00e4rjest\u00e4miseen, sinne mahtuu noin 20 hl\u00f6\u00e4. Salin puolelle mahtuu noin 60 henkil\u00f6\u00e4. Kylmimmill\u00e4 talvikeleill\u00e4 iso puoli ei ole t\u00e4ll\u00e4 hetkell\u00e4 k\u00e4ytett\u00e4viss\u00e4.<\/p>\n","protected":false},"author":1,"featured_media":0,"parent":0,"menu_order":0,"comment_status":"closed","ping_status":"closed","template":"","meta":{"footnotes":""},"class_list":["post-311","page","type-page","status-publish","hentry"],"_links":{"self":[{"href":"https:\/\/www.lahetysyhdistysseimi.fi\/index.php\/wp-json\/wp\/v2\/pages\/311","targetHints":{"allow":["GET"]}}],"collection":[{"href":"https:\/\/www.lahetysyhdistysseimi.fi\/index.php\/wp-json\/wp\/v2\/pages"}],"about":[{"href":"https:\/\/www.lahetysyhdistysseimi.fi\/index.php\/wp-json\/wp\/v2\/types\/page"}],"author":[{"embeddable":true,"href":"https:\/\/www.lahetysyhdistysseimi.fi\/index.php\/wp-json\/wp\/v2\/users\/1"}],"replies":[{"embeddable":true,"href":"https:\/\/www.lahetysyhdistysseimi.fi\/index.php\/wp-json\/wp\/v2\/comments?post=311"}],"version-history":[{"count":3,"href":"https:\/\/www.lahetysyhdistysseimi.fi\/index.php\/wp-json\/wp\/v2\/pages\/311\/revisions"}],"predecessor-version":[{"id":719,"href":"https:\/\/www.lahetysyhdistysseimi.fi\/index.php\/wp-json\/wp\/v2\/pages\/311\/revisions\/719"}],"wp:attachment":[{"href":"https:\/\/www.lahetysyhdistysseimi.fi\/index.php\/wp-json\/wp\/v2\/media?parent=311"}],"curies":[{"name":"wp","href":"https:\/\/api.w.org\/{rel}","templated":true}]}}