{"id":301,"date":"2026-02-04T23:53:33","date_gmt":"2026-02-04T23:53:33","guid":{"rendered":"https:\/\/31.217.196.115\/~ztdcokoq\/?page_id=301"},"modified":"2026-02-13T11:55:28","modified_gmt":"2026-02-13T11:55:28","slug":"katulasten-ruokajako","status":"publish","type":"page","link":"https:\/\/www.lahetysyhdistysseimi.fi\/index.php\/katulasten-ruokajako\/","title":{"rendered":"Mist\u00e4 kaikki sai alkunsa"},"content":{"rendered":"\n<p><strong>Street child missio of Papua New Guinea<\/strong><\/p>\n\n\n\n<p>Vuonna 2023 Jorma Finnnil\u00e4n l\u00e4hetystiimiss\u00e4 mukana ollessamme jaoimme koko tiimin\u00e4 <a href=\"https:\/\/www.karitsanhaat.fi\/\" data-type=\"link\" data-id=\"https:\/\/www.karitsanhaat.fi\/\" target=\"_blank\" rel=\"noreferrer noopener nofollow\"><strong>Kutsukortteja Karitsan h\u00e4ihin<\/strong><\/a>. Mukana tiimiss\u00e4 tuolloin oli Jorman lis\u00e4ksi Riku Kekki, Erkki, Jaana, Eero ja Lauri Huhtalat sek\u00e4 Esko ja Heli Somero. Jorma oli painattanut Australiassa valmiiksi kutsuja 120 000 kpl ja l\u00e4hett\u00e4nyt Port Moresbyn satamaan odottamaan tiimin saapumista. <br>Kortteja jaettiin my\u00f6s Ela Beachill\u00e4, jossa osui my\u00f6s katulasten k\u00e4siin. Lukutaidottomat lapset olivat kyselleet ihmisilt\u00e4, mit\u00e4 kortti tarkoitti ja saivat ymm\u00e4rryksen:<strong>&#8221;Taivaasta tulee mies ja alkaa h\u00e4\u00e4t. Ja jos on h\u00e4\u00e4t, siell\u00e4 on my\u00f6s ruokaa.&#8221;<\/strong> Ruoka houkutteli n\u00e4lk\u00e4isi\u00e4 lapsia miettim\u00e4\u00e4n, miss\u00e4 h\u00e4\u00e4t pidet\u00e4\u00e4n.<br><strong><a href=\"https:\/\/www.lahetysyhdistysseimi.fi\/index.php\/yhteistyo-norman-ja-jenny-buru\/\" data-type=\"link\" data-id=\"https:\/\/www.lahetysyhdistysseimi.fi\/index.php\/yhteistyo-norman-ja-jenny-buru\/\">NORMAN JA JENNY BURU<\/a><\/strong> my\u00f6s jakoivat kutsukortteja. He todistivat lapsille Jeesuksesta ja siit\u00e4, ett\u00e4 H\u00e4n on tulossa takaisin hakemaan Karitsan h\u00e4ihiin kaikki, jotka ovat h\u00e4nen omiaan. N\u00e4iden tapahtumien j\u00e4lkeen eightmilen seurakuntaan tuli er\u00e4\u00e4n\u00e4 sunnuntaina Jumalanpalveluksen j\u00e4lkeen 15 katulasta kyselem\u00e4\u00e4n, onko h\u00e4\u00e4t jo alkaneet ja onko ruokaa tarjolla. Siit\u00e4 l\u00e4hti liikkeelle koko Street child mission, Katulapsity\u00f6, josta on muodostunut katulapsil\u00e4hetys.<\/p>\n\n\n\n<figure class=\"wp-block-image size-large\"><img loading=\"lazy\" decoding=\"async\" width=\"1024\" height=\"768\" src=\"https:\/\/www.lahetysyhdistysseimi.fi\/wp-content\/uploads\/2026\/02\/IMG-20251224-WA0006-1-1024x768.jpg\" alt=\"\" class=\"wp-image-438\" srcset=\"https:\/\/www.lahetysyhdistysseimi.fi\/wp-content\/uploads\/2026\/02\/IMG-20251224-WA0006-1-1024x768.jpg 1024w, https:\/\/www.lahetysyhdistysseimi.fi\/wp-content\/uploads\/2026\/02\/IMG-20251224-WA0006-1-300x225.jpg 300w, https:\/\/www.lahetysyhdistysseimi.fi\/wp-content\/uploads\/2026\/02\/IMG-20251224-WA0006-1-768x576.jpg 768w, https:\/\/www.lahetysyhdistysseimi.fi\/wp-content\/uploads\/2026\/02\/IMG-20251224-WA0006-1.jpg 1080w\" sizes=\"auto, (max-width: 1024px) 100vw, 1024px\" \/><\/figure>\n\n\n\n<figure class=\"wp-block-gallery has-nested-images columns-default is-cropped wp-block-gallery-1 is-layout-flex wp-block-gallery-is-layout-flex\">\n<figure class=\"wp-block-image size-large\"><img loading=\"lazy\" decoding=\"async\" width=\"459\" height=\"1020\" data-id=\"434\" src=\"https:\/\/www.lahetysyhdistysseimi.fi\/wp-content\/uploads\/2026\/02\/IMG-20251220-WA0032-2.jpg\" alt=\"\" class=\"wp-image-434\" srcset=\"https:\/\/www.lahetysyhdistysseimi.fi\/wp-content\/uploads\/2026\/02\/IMG-20251220-WA0032-2.jpg 459w, https:\/\/www.lahetysyhdistysseimi.fi\/wp-content\/uploads\/2026\/02\/IMG-20251220-WA0032-2-135x300.jpg 135w\" sizes=\"auto, (max-width: 459px) 100vw, 459px\" \/><\/figure>\n\n\n\n<figure class=\"wp-block-image size-large\"><img loading=\"lazy\" decoding=\"async\" width=\"1020\" height=\"765\" data-id=\"464\" src=\"https:\/\/www.lahetysyhdistysseimi.fi\/wp-content\/uploads\/2026\/02\/IMG-20251129-WA0004-1.jpg\" alt=\"\" class=\"wp-image-464\" srcset=\"https:\/\/www.lahetysyhdistysseimi.fi\/wp-content\/uploads\/2026\/02\/IMG-20251129-WA0004-1.jpg 1020w, https:\/\/www.lahetysyhdistysseimi.fi\/wp-content\/uploads\/2026\/02\/IMG-20251129-WA0004-1-300x225.jpg 300w, https:\/\/www.lahetysyhdistysseimi.fi\/wp-content\/uploads\/2026\/02\/IMG-20251129-WA0004-1-768x576.jpg 768w\" sizes=\"auto, (max-width: 1020px) 100vw, 1020px\" \/><\/figure>\n\n\n\n<figure class=\"wp-block-image size-large\"><img loading=\"lazy\" decoding=\"async\" width=\"1024\" height=\"768\" data-id=\"67\" src=\"https:\/\/www.lahetysyhdistysseimi.fi\/wp-content\/uploads\/2026\/02\/IMG-20251203-WA0001-1024x768.jpg\" alt=\"\" class=\"wp-image-67\" srcset=\"https:\/\/www.lahetysyhdistysseimi.fi\/wp-content\/uploads\/2026\/02\/IMG-20251203-WA0001-1024x768.jpg 1024w, https:\/\/www.lahetysyhdistysseimi.fi\/wp-content\/uploads\/2026\/02\/IMG-20251203-WA0001-300x225.jpg 300w, https:\/\/www.lahetysyhdistysseimi.fi\/wp-content\/uploads\/2026\/02\/IMG-20251203-WA0001-768x576.jpg 768w, https:\/\/www.lahetysyhdistysseimi.fi\/wp-content\/uploads\/2026\/02\/IMG-20251203-WA0001.jpg 1080w\" sizes=\"auto, (max-width: 1024px) 100vw, 1024px\" \/><\/figure>\n\n\n\n<figure class=\"wp-block-image size-large\"><img loading=\"lazy\" decoding=\"async\" width=\"768\" height=\"1024\" data-id=\"205\" src=\"https:\/\/www.lahetysyhdistysseimi.fi\/wp-content\/uploads\/2026\/02\/IMG-20251124-WA0009-1-768x1024.jpg\" alt=\"\" class=\"wp-image-205\" srcset=\"https:\/\/www.lahetysyhdistysseimi.fi\/wp-content\/uploads\/2026\/02\/IMG-20251124-WA0009-1-768x1024.jpg 768w, https:\/\/www.lahetysyhdistysseimi.fi\/wp-content\/uploads\/2026\/02\/IMG-20251124-WA0009-1-225x300.jpg 225w, https:\/\/www.lahetysyhdistysseimi.fi\/wp-content\/uploads\/2026\/02\/IMG-20251124-WA0009-1-1152x1536.jpg 1152w, https:\/\/www.lahetysyhdistysseimi.fi\/wp-content\/uploads\/2026\/02\/IMG-20251124-WA0009-1.jpg 1200w\" sizes=\"auto, (max-width: 768px) 100vw, 768px\" \/><\/figure>\n\n\n\n<figure class=\"wp-block-image size-large\"><img loading=\"lazy\" decoding=\"async\" width=\"768\" height=\"1024\" data-id=\"468\" src=\"https:\/\/www.lahetysyhdistysseimi.fi\/wp-content\/uploads\/2026\/02\/IMG-20251125-WA0032-768x1024.jpg\" alt=\"\" class=\"wp-image-468\" srcset=\"https:\/\/www.lahetysyhdistysseimi.fi\/wp-content\/uploads\/2026\/02\/IMG-20251125-WA0032-768x1024.jpg 768w, https:\/\/www.lahetysyhdistysseimi.fi\/wp-content\/uploads\/2026\/02\/IMG-20251125-WA0032-225x300.jpg 225w, https:\/\/www.lahetysyhdistysseimi.fi\/wp-content\/uploads\/2026\/02\/IMG-20251125-WA0032-1152x1536.jpg 1152w, https:\/\/www.lahetysyhdistysseimi.fi\/wp-content\/uploads\/2026\/02\/IMG-20251125-WA0032.jpg 1512w\" sizes=\"auto, (max-width: 768px) 100vw, 768px\" \/><\/figure>\n\n\n\n<figure class=\"wp-block-image size-large\"><img loading=\"lazy\" decoding=\"async\" width=\"768\" height=\"1024\" data-id=\"162\" src=\"https:\/\/www.lahetysyhdistysseimi.fi\/wp-content\/uploads\/2026\/02\/IMG-20251010-WA0022-768x1024.jpg\" alt=\"\" class=\"wp-image-162\" srcset=\"https:\/\/www.lahetysyhdistysseimi.fi\/wp-content\/uploads\/2026\/02\/IMG-20251010-WA0022-768x1024.jpg 768w, https:\/\/www.lahetysyhdistysseimi.fi\/wp-content\/uploads\/2026\/02\/IMG-20251010-WA0022-225x300.jpg 225w, https:\/\/www.lahetysyhdistysseimi.fi\/wp-content\/uploads\/2026\/02\/IMG-20251010-WA0022-1152x1536.jpg 1152w, https:\/\/www.lahetysyhdistysseimi.fi\/wp-content\/uploads\/2026\/02\/IMG-20251010-WA0022.jpg 1200w\" sizes=\"auto, (max-width: 768px) 100vw, 768px\" \/><\/figure>\n\n\n\n<figure class=\"wp-block-image size-large\"><img loading=\"lazy\" decoding=\"async\" width=\"1024\" height=\"768\" data-id=\"405\" src=\"https:\/\/www.lahetysyhdistysseimi.fi\/wp-content\/uploads\/2026\/02\/FB_IMG_1766952139013-1-1024x768.jpg\" alt=\"\" class=\"wp-image-405\" srcset=\"https:\/\/www.lahetysyhdistysseimi.fi\/wp-content\/uploads\/2026\/02\/FB_IMG_1766952139013-1-1024x768.jpg 1024w, https:\/\/www.lahetysyhdistysseimi.fi\/wp-content\/uploads\/2026\/02\/FB_IMG_1766952139013-1-300x225.jpg 300w, https:\/\/www.lahetysyhdistysseimi.fi\/wp-content\/uploads\/2026\/02\/FB_IMG_1766952139013-1-768x576.jpg 768w, https:\/\/www.lahetysyhdistysseimi.fi\/wp-content\/uploads\/2026\/02\/FB_IMG_1766952139013-1-1536x1152.jpg 1536w, https:\/\/www.lahetysyhdistysseimi.fi\/wp-content\/uploads\/2026\/02\/FB_IMG_1766952139013-1.jpg 1632w\" sizes=\"auto, (max-width: 1024px) 100vw, 1024px\" \/><figcaption class=\"wp-element-caption\">Norman ja Jenny Buru &lt;3<\/figcaption><\/figure>\n<\/figure>\n\n\n\n<figure class=\"wp-block-image size-large\"><img loading=\"lazy\" decoding=\"async\" width=\"1024\" height=\"379\" src=\"https:\/\/www.lahetysyhdistysseimi.fi\/wp-content\/uploads\/2026\/02\/IMG-20251128-WA0032-1024x379.jpg\" alt=\"\" class=\"wp-image-377\" srcset=\"https:\/\/www.lahetysyhdistysseimi.fi\/wp-content\/uploads\/2026\/02\/IMG-20251128-WA0032-1024x379.jpg 1024w, https:\/\/www.lahetysyhdistysseimi.fi\/wp-content\/uploads\/2026\/02\/IMG-20251128-WA0032-300x111.jpg 300w, https:\/\/www.lahetysyhdistysseimi.fi\/wp-content\/uploads\/2026\/02\/IMG-20251128-WA0032-768x284.jpg 768w, https:\/\/www.lahetysyhdistysseimi.fi\/wp-content\/uploads\/2026\/02\/IMG-20251128-WA0032-1536x568.jpg 1536w, https:\/\/www.lahetysyhdistysseimi.fi\/wp-content\/uploads\/2026\/02\/IMG-20251128-WA0032.jpg 2048w\" sizes=\"auto, (max-width: 1024px) 100vw, 1024px\" \/><\/figure>\n","protected":false},"excerpt":{"rendered":"<p>Street child missio of Papua New Guinea Vuonna 2023 Jorma Finnnil\u00e4n l\u00e4hetystiimiss\u00e4 mukana ollessamme jaoimme koko tiimin\u00e4 Kutsukortteja Karitsan h\u00e4ihin. Mukana tiimiss\u00e4 tuolloin oli Jorman lis\u00e4ksi Riku Kekki, Erkki, Jaana, Eero ja Lauri Huhtalat sek\u00e4 Esko ja Heli Somero. Jorma oli painattanut Australiassa valmiiksi kutsuja 120 000 kpl ja l\u00e4hett\u00e4nyt Port Moresbyn satamaan odottamaan tiimin &hellip; <a href=\"https:\/\/www.lahetysyhdistysseimi.fi\/index.php\/katulasten-ruokajako\/\" class=\"more-link\">Jatka lukemista <span class=\"screen-reader-text\">Mist\u00e4 kaikki sai alkunsa<\/span> <span class=\"meta-nav\">&rarr;<\/span><\/a><\/p>\n","protected":false},"author":1,"featured_media":377,"parent":0,"menu_order":0,"comment_status":"closed","ping_status":"closed","template":"","meta":{"footnotes":""},"class_list":["post-301","page","type-page","status-publish","has-post-thumbnail","hentry"],"_links":{"self":[{"href":"https:\/\/www.lahetysyhdistysseimi.fi\/index.php\/wp-json\/wp\/v2\/pages\/301","targetHints":{"allow":["GET"]}}],"collection":[{"href":"https:\/\/www.lahetysyhdistysseimi.fi\/index.php\/wp-json\/wp\/v2\/pages"}],"about":[{"href":"https:\/\/www.lahetysyhdistysseimi.fi\/index.php\/wp-json\/wp\/v2\/types\/page"}],"author":[{"embeddable":true,"href":"https:\/\/www.lahetysyhdistysseimi.fi\/index.php\/wp-json\/wp\/v2\/users\/1"}],"replies":[{"embeddable":true,"href":"https:\/\/www.lahetysyhdistysseimi.fi\/index.php\/wp-json\/wp\/v2\/comments?post=301"}],"version-history":[{"count":28,"href":"https:\/\/www.lahetysyhdistysseimi.fi\/index.php\/wp-json\/wp\/v2\/pages\/301\/revisions"}],"predecessor-version":[{"id":689,"href":"https:\/\/www.lahetysyhdistysseimi.fi\/index.php\/wp-json\/wp\/v2\/pages\/301\/revisions\/689"}],"wp:featuredmedia":[{"embeddable":true,"href":"https:\/\/www.lahetysyhdistysseimi.fi\/index.php\/wp-json\/wp\/v2\/media\/377"}],"wp:attachment":[{"href":"https:\/\/www.lahetysyhdistysseimi.fi\/index.php\/wp-json\/wp\/v2\/media?parent=301"}],"curies":[{"name":"wp","href":"https:\/\/api.w.org\/{rel}","templated":true}]}}