{"id":297,"date":"2026-02-04T23:52:22","date_gmt":"2026-02-04T23:52:22","guid":{"rendered":"https:\/\/31.217.196.115\/~ztdcokoq\/?page_id=297"},"modified":"2026-02-21T22:16:09","modified_gmt":"2026-02-21T22:16:09","slug":"yhteistyo-vankilalahetystyossa","status":"publish","type":"page","link":"https:\/\/www.lahetysyhdistysseimi.fi\/index.php\/yhteistyo-vankilalahetystyossa\/","title":{"rendered":"VANKILAL\u00c4HETYS"},"content":{"rendered":"\n<p>L\u00e4hetysyhdistys Seimi ry tekee vankilal\u00e4hetysty\u00f6t\u00e4 yhteisty\u00f6ss\u00e4 <a href=\"https:\/\/evankeliointijavankilalahetys.fi\/\" data-type=\"link\" data-id=\"https:\/\/evankeliointijavankilalahetys.fi\/\">evankeliointi ja vankilal\u00e4hetys ryn<\/a> kanssa. Jos haluat tukea Suomessa teht\u00e4v\u00e4\u00e4 vankilal\u00e4hetyst\u00e4, voit liitty\u00e4 Evankeiointi ja vankilal\u00e4hetys ry:n j\u00e4seneksi.<\/p>\n\n\n\n<p>Seimen vankilal\u00e4hetit kiert\u00e4v\u00e4t kuudessa Pohjois-Suomen vankilassa. Ylitornio, Oulu, Vaala, Sukeva, Kuopio ja Kestil\u00e4. Vangeille j\u00e4rjestet\u00e4\u00e4n hengellinen tilaisuus ja annetaan mahdollisuus henkil\u00f6kohtaiseen keskusteluun ja rukoukseen. Oulun vankilassa lis\u00e4ksi raamattupiiri. Vangeille vied\u00e4\u00e4n hengellist\u00e4 lukemista ja raamattuja pyrit\u00e4\u00e4n toimittamaan jokaiselle omalla \u00e4idinkielell\u00e4.<\/p>\n\n\n\n<p><em>&#8221;Puhdas ja tahratoin Jumalanpalvelus on k\u00e4yd\u00e4 katsomassa orpoja ja leski\u00e4 heid\u00e4n ahdistuksessaan ja varjella itsens\u00e4 niin, ettei maailma saastuta.&#8221; <\/em><br>Jaakob 1:27 <\/p>\n\n\n\n<p><strong><mark style=\"background-color:rgba(0, 0, 0, 0)\" class=\"has-inline-color has-red-color\">L\u00c4HETYSYHDISTYS SEIMI ry:n L\u00c4HETIT VANKILATY\u00d6SS\u00c4<\/mark><\/strong>:<\/p>\n\n\n\n<div class=\"wp-block-media-text is-stacked-on-mobile\" style=\"grid-template-columns:30% auto\"><figure class=\"wp-block-media-text__media\"><img loading=\"lazy\" decoding=\"async\" width=\"449\" height=\"1024\" src=\"https:\/\/www.lahetysyhdistysseimi.fi\/wp-content\/uploads\/2026\/02\/image-17-449x1024.png\" alt=\"\" class=\"wp-image-765 size-full\" srcset=\"https:\/\/www.lahetysyhdistysseimi.fi\/wp-content\/uploads\/2026\/02\/image-17-449x1024.png 449w, https:\/\/www.lahetysyhdistysseimi.fi\/wp-content\/uploads\/2026\/02\/image-17-131x300.png 131w, https:\/\/www.lahetysyhdistysseimi.fi\/wp-content\/uploads\/2026\/02\/image-17-673x1536.png 673w, https:\/\/www.lahetysyhdistysseimi.fi\/wp-content\/uploads\/2026\/02\/image-17.png 701w\" sizes=\"auto, (max-width: 449px) 100vw, 449px\" \/><\/figure><div class=\"wp-block-media-text__content\">\n<p><strong>Esko Somero<\/strong> toimii Evankelionti- ja vankilal\u00e4hetys yhdistyksen Pohjoisen vankilal\u00e4hetystiimin vastaavana ja hallituksen j\u00e4senen\u00e4. H\u00e4n on Vaalan vankilan hengellisen ty\u00f6n johtokunnaan j\u00e4sen  ja Oulun vankilan ohjausryhm\u00e4n j\u00e4sen. <\/p>\n\n\n\n<ul class=\"wp-block-list\">\n<li>2001 Ison kirjan peruskurssi <\/li>\n\n\n\n<li>2002-2005 Arken raamattukoulu, Jeesus parantaa ja eheytt\u00e4\u00e4 <\/li>\n\n\n\n<li>2018-2019 Vankilaty\u00f6n vapaaehtoisty\u00f6n koulutukset<\/li>\n\n\n\n<li>2018 Helluntaiseurakunnan seurakuntakohtainen vankilaty\u00f6n koulutus.<\/li>\n<\/ul>\n<\/div><\/div>\n\n\n\n<p>Olli Kukkonen<\/p>\n","protected":false},"excerpt":{"rendered":"<p>L\u00e4hetysyhdistys Seimi ry tekee vankilal\u00e4hetysty\u00f6t\u00e4 yhteisty\u00f6ss\u00e4 evankeliointi ja vankilal\u00e4hetys ryn kanssa. Jos haluat tukea Suomessa teht\u00e4v\u00e4\u00e4 vankilal\u00e4hetyst\u00e4, voit liitty\u00e4 Evankeiointi ja vankilal\u00e4hetys ry:n j\u00e4seneksi. Seimen vankilal\u00e4hetit kiert\u00e4v\u00e4t kuudessa Pohjois-Suomen vankilassa. Ylitornio, Oulu, Vaala, Sukeva, Kuopio ja Kestil\u00e4. Vangeille j\u00e4rjestet\u00e4\u00e4n hengellinen tilaisuus ja annetaan mahdollisuus henkil\u00f6kohtaiseen keskusteluun ja rukoukseen. Oulun vankilassa lis\u00e4ksi raamattupiiri. Vangeille vied\u00e4\u00e4n hengellist\u00e4 &hellip; <a href=\"https:\/\/www.lahetysyhdistysseimi.fi\/index.php\/yhteistyo-vankilalahetystyossa\/\" class=\"more-link\">Jatka lukemista <span class=\"screen-reader-text\">VANKILAL\u00c4HETYS<\/span> <span class=\"meta-nav\">&rarr;<\/span><\/a><\/p>\n","protected":false},"author":1,"featured_media":0,"parent":0,"menu_order":0,"comment_status":"closed","ping_status":"closed","template":"","meta":{"footnotes":""},"class_list":["post-297","page","type-page","status-publish","hentry"],"_links":{"self":[{"href":"https:\/\/www.lahetysyhdistysseimi.fi\/index.php\/wp-json\/wp\/v2\/pages\/297","targetHints":{"allow":["GET"]}}],"collection":[{"href":"https:\/\/www.lahetysyhdistysseimi.fi\/index.php\/wp-json\/wp\/v2\/pages"}],"about":[{"href":"https:\/\/www.lahetysyhdistysseimi.fi\/index.php\/wp-json\/wp\/v2\/types\/page"}],"author":[{"embeddable":true,"href":"https:\/\/www.lahetysyhdistysseimi.fi\/index.php\/wp-json\/wp\/v2\/users\/1"}],"replies":[{"embeddable":true,"href":"https:\/\/www.lahetysyhdistysseimi.fi\/index.php\/wp-json\/wp\/v2\/comments?post=297"}],"version-history":[{"count":10,"href":"https:\/\/www.lahetysyhdistysseimi.fi\/index.php\/wp-json\/wp\/v2\/pages\/297\/revisions"}],"predecessor-version":[{"id":789,"href":"https:\/\/www.lahetysyhdistysseimi.fi\/index.php\/wp-json\/wp\/v2\/pages\/297\/revisions\/789"}],"wp:attachment":[{"href":"https:\/\/www.lahetysyhdistysseimi.fi\/index.php\/wp-json\/wp\/v2\/media?parent=297"}],"curies":[{"name":"wp","href":"https:\/\/api.w.org\/{rel}","templated":true}]}}